{"id":502,"date":"2012-07-24T15:15:19","date_gmt":"2012-07-24T18:15:19","guid":{"rendered":"http:\/\/frailescapuchinosrecoletos.org\/web\/?page_id=502"},"modified":"2019-07-22T16:58:10","modified_gmt":"2019-07-22T19:58:10","slug":"fotos-generales","status":"publish","type":"page","link":"https:\/\/frailescapuchinosrecoletos.org\/web\/?page_id=502","title":{"rendered":"Fotos Generales"},"content":{"rendered":"<p><a href=\"http:\/\/frailescapuchinosrecoletos.org\/web\/wp-content\/uploads\/2012\/07\/nuncio-0011.jpg\" rel=\"lightbox[502]\"><img loading=\"lazy\" class=\"aligncenter wp-image-733\" title=\"\" src=\"http:\/\/frailescapuchinosrecoletos.org\/web\/wp-content\/uploads\/2012\/07\/nuncio-0011.jpg\" alt=\"\" width=\"466\" height=\"328\"><\/a> Llegada del Nuncio Apost\u00f3lico S.E.R. Mons. Adriano Bernardini y S.E.R. Mons. Br\u00e9dice al Convento N. Sra. de Bel\u00e9n&nbsp; en Gral San Mart\u00edn, La Pampa, le reciben fr. Jos\u00e9 Miguel y el Guardi\u00e1n de la comunidad fr. Benito . &nbsp; <a href=\"http:\/\/frailescapuchinosrecoletos.org\/web\/wp-content\/uploads\/2012\/07\/nuncio-0022.jpg\" rel=\"lightbox[502]\"><img loading=\"lazy\" class=\"aligncenter wp-image-734\" title=\"\" src=\"http:\/\/frailescapuchinosrecoletos.org\/web\/wp-content\/uploads\/2012\/07\/nuncio-0022.jpg\" alt=\"\" width=\"485\" height=\"350\"><\/a> Compartiendo con el Sr. Nuncio y Obispo junto a la comunidad en la visita 2006. &nbsp; <a href=\"http:\/\/frailescapuchinosrecoletos.org\/web\/wp-content\/uploads\/2012\/07\/000001.jpg\" rel=\"lightbox[502]\"><img loading=\"lazy\" class=\"aligncenter wp-image-735\" title=\"\" src=\"http:\/\/frailescapuchinosrecoletos.org\/web\/wp-content\/uploads\/2012\/07\/000001.jpg\" alt=\"\" width=\"482\" height=\"352\"><\/a>El Sr. Nuncio de Su Santidad en la Argentina Mons. Bernardini&nbsp; hablando&nbsp; y alentando como Padre y Pastor a la comunidad de frailes y dejando Su Bendici\u00f3n.<\/p>\n<p>&nbsp;<\/p>\n<p><a href=\"http:\/\/frailescapuchinosrecoletos.org\/web\/wp-content\/uploads\/2012\/07\/santisima-virgen.jpg\" rel=\"lightbox[502]\"><img loading=\"lazy\" class=\"aligncenter wp-image-563\" title=\"\" src=\"http:\/\/frailescapuchinosrecoletos.org\/web\/wp-content\/uploads\/2012\/07\/santisima-virgen.jpg\" alt=\"\" width=\"483\" height=\"340\"><\/a>Peregrinaci\u00f3n de Santa Rosa de Lima, Patrona de la Di\u00f3cesis de La Pampa, acompa\u00f1ada por el entonces Obispo . Flor de Santidad Sta. Rosa , ejemplo de oraci\u00f3n y caridad para nuestros d\u00edas.<\/p>\n<p>&nbsp;<\/p>\n<p><a href=\"http:\/\/frailescapuchinosrecoletos.org\/web\/wp-content\/uploads\/2012\/07\/mons-laise.jpg\" rel=\"lightbox[502]\"><img loading=\"lazy\" class=\"aligncenter wp-image-564\" title=\"mons laise\" src=\"http:\/\/frailescapuchinosrecoletos.org\/web\/wp-content\/uploads\/2012\/07\/mons-laise.jpg\" alt=\"\" width=\"256\" height=\"709\"><\/a>S.E.R. Mons. Fr. Juan Rodolfo Laise OFM Cap. Obispo em\u00e9rito de San Luis, qui\u00e9n ordeno sacerdotes&nbsp; a fr. Jos\u00e9 Miguel y fr. Gustavo. Actualmente vive en S. Giovanni Rotondo Italia.<\/p>\n<p>&nbsp;<\/p>\n<p><a href=\"http:\/\/frailescapuchinosrecoletos.org\/web\/wp-content\/uploads\/2012\/07\/Papa-Francisco-y-Mons.-Laise.jpg\" rel=\"lightbox[502]\"><img loading=\"lazy\" class=\"wp-image-1016 aligncenter\" src=\"http:\/\/frailescapuchinosrecoletos.org\/web\/wp-content\/uploads\/2012\/07\/Papa-Francisco-y-Mons.-Laise.jpg\" alt=\"\" width=\"464\" height=\"340\"><\/a><\/p>\n<p><a href=\"http:\/\/frailescapuchinosrecoletos.org\/web\/wp-content\/uploads\/2012\/07\/frailes-en-la-sierras.jpg\" rel=\"lightbox[502]\"><span style=\"color: #000000;\">Visita en este a\u00f1o al Papa Francisco de S.E.R Mons.&nbsp; Fray Juan Rodolfo Laise O.F.M Cap.<\/span><\/a><\/p>\n<p>&nbsp;<\/p>\n<p><a href=\"http:\/\/frailescapuchinosrecoletos.org\/web\/wp-content\/uploads\/2012\/07\/frailes-en-la-sierras.jpg\" rel=\"lightbox[502]\"><img loading=\"lazy\" class=\"aligncenter wp-image-565\" title=\"\" src=\"http:\/\/frailescapuchinosrecoletos.org\/web\/wp-content\/uploads\/2012\/07\/frailes-en-la-sierras.jpg\" alt=\"\" width=\"478\" height=\"715\"><\/a> En un recreo comunitario\u2026.Loado seas Mi Se\u00f1or!! &nbsp; <a href=\"http:\/\/frailescapuchinosrecoletos.org\/web\/wp-content\/uploads\/2012\/07\/comunidad-san-martin1.jpg\" rel=\"lightbox[502]\"><img loading=\"lazy\" class=\"aligncenter wp-image-738\" title=\"\" src=\"http:\/\/frailescapuchinosrecoletos.org\/web\/wp-content\/uploads\/2012\/07\/comunidad-san-martin1.jpg\" alt=\"\" width=\"486\" height=\"355\"><\/a>Visita&nbsp;&nbsp; en el 2006&nbsp; del Nuncio Apost\u00f3lico S.E.R. Adriano Bernardini&nbsp; y del Obispo S.E.R. Rinaldo F. Br\u00e9dice, actualmente em\u00e9rito, a la comunidad del Convento N. Se\u00f1ora de Bel\u00e9n,&nbsp; Gral San Martin &#8211; LP.<\/p>\n<p><a href=\"http:\/\/frailescapuchinosrecoletos.org\/web\/wp-content\/uploads\/2012\/07\/179.jpg\" rel=\"lightbox[502]\"><br \/>\n<\/a>&nbsp; &nbsp;<a href=\"http:\/\/frailescapuchinosrecoletos.org\/web\/wp-content\/uploads\/2012\/07\/FOTO-41.jpg\" rel=\"lightbox[502]\"><img loading=\"lazy\" class=\"aligncenter wp-image-726\" title=\" \" src=\"http:\/\/frailescapuchinosrecoletos.org\/web\/wp-content\/uploads\/2012\/07\/FOTO-41.jpg\" alt=\"\" width=\"490\" height=\"332\"><\/a>&nbsp; Misa de Profesion de Fr. Agustin. &nbsp; <a href=\"http:\/\/frailescapuchinosrecoletos.org\/web\/wp-content\/uploads\/2012\/07\/FOTO-8.jpg\" rel=\"lightbox[502]\"><img loading=\"lazy\" class=\"alignright wp-image-702\" title=\" \" src=\"http:\/\/frailescapuchinosrecoletos.org\/web\/wp-content\/uploads\/2012\/07\/FOTO-8.jpg\" alt=\"\" width=\"488\" height=\"330\"><\/a> Profesion de Fr. Francisco. &nbsp; &nbsp; <a href=\"http:\/\/frailescapuchinosrecoletos.org\/web\/wp-content\/uploads\/2012\/07\/fray-Luis-002.jpg\" rel=\"lightbox[502]\"><img loading=\"lazy\" class=\"aligncenter wp-image-569\" title=\"\" src=\"http:\/\/frailescapuchinosrecoletos.org\/web\/wp-content\/uploads\/2012\/07\/fray-Luis-002.jpg\" alt=\"\" width=\"484\" height=\"714\"><\/a>Monse\u00f1or Martin de Elizalde O.S.B. obispo de 9 de Julio, en la bendicion de habito de Fray Luis, nacido en Trenque Lauquen.<\/p>\n<p>&nbsp;<\/p>\n<p><a href=\"http:\/\/frailescapuchinosrecoletos.org\/web\/wp-content\/uploads\/2012\/07\/SANY01381.jpg\" rel=\"lightbox[502]\"><img loading=\"lazy\" class=\"aligncenter wp-image-741\" title=\" \" src=\"http:\/\/frailescapuchinosrecoletos.org\/web\/wp-content\/uploads\/2012\/07\/SANY01381.jpg\" alt=\"\" width=\"487\" height=\"367\" srcset=\"https:\/\/frailescapuchinosrecoletos.org\/web\/wp-content\/uploads\/2012\/07\/SANY01381-300x225.jpg 300w, https:\/\/frailescapuchinosrecoletos.org\/web\/wp-content\/uploads\/2012\/07\/SANY01381-400x300.jpg 400w\" sizes=\"(max-width: 487px) 100vw, 487px\" \/><\/a>Rezo del Oficio Divino, comunidad del Convento San Antonio, La Plata.<\/p>\n<p>&nbsp;<\/p>\n<p><a href=\"http:\/\/frailescapuchinosrecoletos.org\/web\/wp-content\/uploads\/2012\/07\/fray-001.jpg\" rel=\"lightbox[502]\"><img loading=\"lazy\" class=\"aligncenter wp-image-576\" title=\"\" src=\"http:\/\/frailescapuchinosrecoletos.org\/web\/wp-content\/uploads\/2012\/07\/fray-001.jpg\" alt=\"\" width=\"489\" height=\"721\"><\/a>Fr. Esteban el d\u00eda de su profesi\u00f3n religiosa.<\/p>\n<p>&nbsp;<\/p>\n<p><a href=\"http:\/\/frailescapuchinosrecoletos.org\/web\/wp-content\/uploads\/2012\/07\/construccion-conv.jpg\" rel=\"lightbox[502]\"><img loading=\"lazy\" class=\"aligncenter wp-image-577\" title=\"\" src=\"http:\/\/frailescapuchinosrecoletos.org\/web\/wp-content\/uploads\/2012\/07\/construccion-conv.jpg\" alt=\"\" width=\"500\" height=\"334\"><\/a>Fr Gustavo y hnos. trabajando en la construcci\u00f3n del convento&nbsp; Nuestra Sra. de Bel\u00e9n<\/p>\n<p>&nbsp;<\/p>\n<p><a href=\"http:\/\/frailescapuchinosrecoletos.org\/web\/wp-content\/uploads\/2012\/07\/6-10-08-0603.jpg\" rel=\"lightbox[502]\"><img loading=\"lazy\" class=\"aligncenter wp-image-744\" title=\" \" src=\"http:\/\/frailescapuchinosrecoletos.org\/web\/wp-content\/uploads\/2012\/07\/6-10-08-0603.jpg\" alt=\"\" width=\"472\" height=\"356\"><\/a>Padre guardian con parte de la comunidad; San Martin &#8211; La Pampa.<\/p>\n<p>&nbsp;<\/p>\n<p><a href=\"http:\/\/frailescapuchinosrecoletos.org\/web\/wp-content\/uploads\/2012\/07\/SAM_13412.jpg\" rel=\"lightbox[502]\"><img loading=\"lazy\" class=\"aligncenter wp-image-745\" title=\"\" src=\"http:\/\/frailescapuchinosrecoletos.org\/web\/wp-content\/uploads\/2012\/07\/SAM_13412.jpg\" alt=\"\" width=\"473\" height=\"357\"><\/a>Ermita, convento de San Martin &#8211; La Pampa.<\/p>\n<p>&nbsp;<\/p>\n<p><a href=\"http:\/\/frailescapuchinosrecoletos.org\/web\/wp-content\/uploads\/2012\/07\/SAM_13472.jpg\" rel=\"lightbox[502]\"><img loading=\"lazy\" class=\"aligncenter wp-image-746\" title=\" \" src=\"http:\/\/frailescapuchinosrecoletos.org\/web\/wp-content\/uploads\/2012\/07\/SAM_13472.jpg\" alt=\"\" width=\"518\" height=\"391\"><\/a><\/p>\n<p>Refectorio del convento en San Martin.<\/p>\n<p>&nbsp;<\/p>\n<p>&nbsp;<\/p>\n<p><a href=\"http:\/\/frailescapuchinosrecoletos.org\/web\/wp-content\/uploads\/2012\/07\/20141104_115843.jpg\" rel=\"lightbox[502]\"><img loading=\"lazy\" class=\"wp-image-1040 aligncenter\" src=\"http:\/\/frailescapuchinosrecoletos.org\/web\/wp-content\/uploads\/2012\/07\/20141104_115843.jpg\" alt=\"\" width=\"489\" height=\"649\"><\/a><\/p>\n<p><a href=\"http:\/\/frailescapuchinosrecoletos.org\/web\/wp-content\/uploads\/2012\/07\/20141104_115843.jpg\" rel=\"lightbox[502]\"><span style=\"color: #000000;\">Reliquia de San Leopoldo Mandic en la Capilla del Convento de San Mart\u00edn.<\/span><br \/>\n<\/a><\/p>\n<p><a href=\"http:\/\/frailescapuchinosrecoletos.org\/web\/wp-content\/uploads\/2012\/07\/20141104_092211.jpg\" rel=\"lightbox[502]\"><img loading=\"lazy\" class=\"wp-image-1037 aligncenter\" src=\"http:\/\/frailescapuchinosrecoletos.org\/web\/wp-content\/uploads\/2012\/07\/20141104_092211.jpg\" alt=\"\" width=\"488\" height=\"648\"><\/a><\/p>\n<p>&nbsp;<\/p>\n<p>&nbsp;<\/p>\n<p>&nbsp;<\/p>\n<p style=\"text-align: center;\"><strong><span style=\"font-size: large;\">Santa Alegr\u00eda: <\/span><\/strong><\/p>\n<p><span style=\"font-size: large;\"><span style=\"font-size: medium;\">frailes bomberos fr. francisco, fr. Bautista y fr. Benito en un peque\u00f1o pueblo al sur de La Pampa<\/span><\/span><\/p>\n<p><a href=\"http:\/\/frailescapuchinosrecoletos.org\/web\/wp-content\/uploads\/2012\/07\/frailes-bomberos.jpg\" rel=\"lightbox[502]\"><img loading=\"lazy\" class=\"alignnone size-full wp-image-979\" src=\"http:\/\/frailescapuchinosrecoletos.org\/web\/wp-content\/uploads\/2012\/07\/frailes-bomberos.jpg\" alt=\"frailes bomberos\" width=\"960\" height=\"720\" srcset=\"https:\/\/frailescapuchinosrecoletos.org\/web\/wp-content\/uploads\/2012\/07\/frailes-bomberos.jpg 960w, https:\/\/frailescapuchinosrecoletos.org\/web\/wp-content\/uploads\/2012\/07\/frailes-bomberos-300x225.jpg 300w, https:\/\/frailescapuchinosrecoletos.org\/web\/wp-content\/uploads\/2012\/07\/frailes-bomberos-400x300.jpg 400w\" sizes=\"(max-width: 960px) 100vw, 960px\" \/><\/a><\/p>\n<p>&nbsp;<\/p>\n<p><span style=\"font-size: medium;\">Foto del a\u00f1o que ha navegado por distintas partes fr. Luis que diariamente sale a hacer las compras de la comunidad fue capturado por una&nbsp;<\/span><span style=\"font-size: medium; line-height: 26px;\">c\u00e1mara<\/span><span style=\"font-size: medium;\">&nbsp;<\/span>fotogr\u00e1fica<span style=\"font-size: medium;\">.<\/span><\/p>\n<p><a href=\"http:\/\/frailescapuchinosrecoletos.org\/web\/wp-content\/uploads\/2012\/07\/santos-mandados.jpg\" rel=\"lightbox[502]\"><img loading=\"lazy\" class=\"alignnone size-full wp-image-980\" src=\"http:\/\/frailescapuchinosrecoletos.org\/web\/wp-content\/uploads\/2012\/07\/santos-mandados.jpg\" alt=\"\" width=\"1000\" height=\"664\" srcset=\"https:\/\/frailescapuchinosrecoletos.org\/web\/wp-content\/uploads\/2012\/07\/santos-mandados.jpg 1000w, https:\/\/frailescapuchinosrecoletos.org\/web\/wp-content\/uploads\/2012\/07\/santos-mandados-300x199.jpg 300w, https:\/\/frailescapuchinosrecoletos.org\/web\/wp-content\/uploads\/2012\/07\/santos-mandados-451x300.jpg 451w\" sizes=\"(max-width: 1000px) 100vw, 1000px\" \/><\/a><\/p>\n<p><a href=\"http:\/\/frailescapuchinosrecoletos.org\/web\/wp-content\/uploads\/2012\/07\/SDC13804.jpg\" rel=\"lightbox[502]\"><img loading=\"lazy\" class=\"alignnone size-full wp-image-1049\" src=\"http:\/\/frailescapuchinosrecoletos.org\/web\/wp-content\/uploads\/2012\/07\/SDC13804.jpg\" alt=\"\" width=\"3264\" height=\"2448\" srcset=\"https:\/\/frailescapuchinosrecoletos.org\/web\/wp-content\/uploads\/2012\/07\/SDC13804.jpg 3264w, https:\/\/frailescapuchinosrecoletos.org\/web\/wp-content\/uploads\/2012\/07\/SDC13804-300x225.jpg 300w, https:\/\/frailescapuchinosrecoletos.org\/web\/wp-content\/uploads\/2012\/07\/SDC13804-1024x768.jpg 1024w, https:\/\/frailescapuchinosrecoletos.org\/web\/wp-content\/uploads\/2012\/07\/SDC13804-400x300.jpg 400w\" sizes=\"(max-width: 3264px) 100vw, 3264px\" \/><\/a><\/p>\n<p><a href=\"http:\/\/frailescapuchinosrecoletos.org\/web\/wp-content\/uploads\/2012\/07\/SDC13798.jpg\" rel=\"lightbox[502]\"><img loading=\"lazy\" class=\"alignnone size-full wp-image-1045\" src=\"http:\/\/frailescapuchinosrecoletos.org\/web\/wp-content\/uploads\/2012\/07\/SDC13798.jpg\" alt=\"SDC13798\" width=\"3264\" height=\"2448\" srcset=\"https:\/\/frailescapuchinosrecoletos.org\/web\/wp-content\/uploads\/2012\/07\/SDC13798.jpg 3264w, https:\/\/frailescapuchinosrecoletos.org\/web\/wp-content\/uploads\/2012\/07\/SDC13798-300x225.jpg 300w, https:\/\/frailescapuchinosrecoletos.org\/web\/wp-content\/uploads\/2012\/07\/SDC13798-1024x768.jpg 1024w, https:\/\/frailescapuchinosrecoletos.org\/web\/wp-content\/uploads\/2012\/07\/SDC13798-400x300.jpg 400w\" sizes=\"(max-width: 3264px) 100vw, 3264px\" \/><\/a><a href=\"http:\/\/frailescapuchinosrecoletos.org\/web\/wp-content\/uploads\/2012\/07\/SDC13.jpg\" rel=\"lightbox[502]\"><img loading=\"lazy\" class=\"aligncenter size-full wp-image-755\" title=\" \" src=\"http:\/\/frailescapuchinosrecoletos.org\/web\/wp-content\/uploads\/2012\/07\/SDC13.jpg\" alt=\"\" width=\"2434\" height=\"2650\" srcset=\"https:\/\/frailescapuchinosrecoletos.org\/web\/wp-content\/uploads\/2012\/07\/SDC13.jpg 2434w, https:\/\/frailescapuchinosrecoletos.org\/web\/wp-content\/uploads\/2012\/07\/SDC13-275x300.jpg 275w, https:\/\/frailescapuchinosrecoletos.org\/web\/wp-content\/uploads\/2012\/07\/SDC13-940x1024.jpg 940w\" sizes=\"(max-width: 2434px) 100vw, 2434px\" \/><\/a> Fray Agustin en trabajo de la comunidad<\/p>\n<p>&nbsp;<\/p>\n<p>frailes rezando el Oficio Divino en la Capilla Conventual de Int. Alvear.<\/p>\n<p><a href=\"http:\/\/frailescapuchinosrecoletos.org\/web\/wp-content\/uploads\/2012\/07\/SAM_1852.jpg\" rel=\"lightbox[502]\"><img loading=\"lazy\" class=\"alignnone size-full wp-image-1044\" src=\"http:\/\/frailescapuchinosrecoletos.org\/web\/wp-content\/uploads\/2012\/07\/SAM_1852.jpg\" alt=\"\" width=\"2592\" height=\"1944\" srcset=\"https:\/\/frailescapuchinosrecoletos.org\/web\/wp-content\/uploads\/2012\/07\/SAM_1852.jpg 2592w, https:\/\/frailescapuchinosrecoletos.org\/web\/wp-content\/uploads\/2012\/07\/SAM_1852-300x225.jpg 300w, https:\/\/frailescapuchinosrecoletos.org\/web\/wp-content\/uploads\/2012\/07\/SAM_1852-1024x768.jpg 1024w, https:\/\/frailescapuchinosrecoletos.org\/web\/wp-content\/uploads\/2012\/07\/SAM_1852-400x300.jpg 400w\" sizes=\"(max-width: 2592px) 100vw, 2592px\" \/><\/a><a href=\"http:\/\/frailescapuchinosrecoletos.org\/web\/wp-content\/uploads\/2012\/07\/SAM_1843.jpg\" rel=\"lightbox[502]\"><img loading=\"lazy\" class=\"alignnone size-full wp-image-1042\" src=\"http:\/\/frailescapuchinosrecoletos.org\/web\/wp-content\/uploads\/2012\/07\/SAM_1843.jpg\" alt=\"\" width=\"2592\" height=\"1944\" srcset=\"https:\/\/frailescapuchinosrecoletos.org\/web\/wp-content\/uploads\/2012\/07\/SAM_1843.jpg 2592w, https:\/\/frailescapuchinosrecoletos.org\/web\/wp-content\/uploads\/2012\/07\/SAM_1843-300x225.jpg 300w, https:\/\/frailescapuchinosrecoletos.org\/web\/wp-content\/uploads\/2012\/07\/SAM_1843-1024x768.jpg 1024w, https:\/\/frailescapuchinosrecoletos.org\/web\/wp-content\/uploads\/2012\/07\/SAM_1843-400x300.jpg 400w\" sizes=\"(max-width: 2592px) 100vw, 2592px\" \/><\/a><\/p>\n<p>&nbsp;<\/p>\n<p>Inicio del Noviciado en V\u00edsperas de la Fiesta de las Llagas de Nuestro Ser\u00e1fico Padre San Francisco 2014 &#8211; 2015.<\/p>\n<p>&nbsp;<\/p>\n<p><a href=\"http:\/\/frailescapuchinosrecoletos.org\/web\/wp-content\/uploads\/2012\/07\/SDC10015.jpg\" rel=\"lightbox[502]\"><img loading=\"lazy\" class=\"alignnone size-full wp-image-1019\" src=\"http:\/\/frailescapuchinosrecoletos.org\/web\/wp-content\/uploads\/2012\/07\/SDC10015.jpg\" alt=\"\" width=\"3648\" height=\"2432\" srcset=\"https:\/\/frailescapuchinosrecoletos.org\/web\/wp-content\/uploads\/2012\/07\/SDC10015.jpg 3648w, https:\/\/frailescapuchinosrecoletos.org\/web\/wp-content\/uploads\/2012\/07\/SDC10015-300x200.jpg 300w, https:\/\/frailescapuchinosrecoletos.org\/web\/wp-content\/uploads\/2012\/07\/SDC10015-1024x682.jpg 1024w, https:\/\/frailescapuchinosrecoletos.org\/web\/wp-content\/uploads\/2012\/07\/SDC10015-450x300.jpg 450w\" sizes=\"(max-width: 3648px) 100vw, 3648px\" \/><\/a><\/p>\n<p>&nbsp;<\/p>\n<p>Toma de h\u00e1bito de fr. Lucas de la Inmaculada en la Fiesta de los 5 primeros m\u00e1rtires franciscanos 2015.<a href=\"http:\/\/frailescapuchinosrecoletos.org\/web\/wp-content\/uploads\/2012\/07\/DSC_0497.jpg\" rel=\"lightbox[502]\"><img loading=\"lazy\" class=\"alignnone size-full wp-image-1024\" src=\"http:\/\/frailescapuchinosrecoletos.org\/web\/wp-content\/uploads\/2012\/07\/DSC_0497.jpg\" alt=\"\" width=\"3872\" height=\"2592\" srcset=\"https:\/\/frailescapuchinosrecoletos.org\/web\/wp-content\/uploads\/2012\/07\/DSC_0497.jpg 3872w, https:\/\/frailescapuchinosrecoletos.org\/web\/wp-content\/uploads\/2012\/07\/DSC_0497-300x200.jpg 300w, https:\/\/frailescapuchinosrecoletos.org\/web\/wp-content\/uploads\/2012\/07\/DSC_0497-1024x685.jpg 1024w, https:\/\/frailescapuchinosrecoletos.org\/web\/wp-content\/uploads\/2012\/07\/DSC_0497-448x300.jpg 448w\" sizes=\"(max-width: 3872px) 100vw, 3872px\" \/><\/a><\/p>\n<p><a href=\"http:\/\/frailescapuchinosrecoletos.org\/web\/wp-content\/uploads\/2012\/07\/DSC_0501.jpg\" rel=\"lightbox[502]\"><img loading=\"lazy\" class=\"alignnone size-full wp-image-1025\" src=\"http:\/\/frailescapuchinosrecoletos.org\/web\/wp-content\/uploads\/2012\/07\/DSC_0501.jpg\" alt=\"\" width=\"3872\" height=\"2592\" srcset=\"https:\/\/frailescapuchinosrecoletos.org\/web\/wp-content\/uploads\/2012\/07\/DSC_0501.jpg 3872w, https:\/\/frailescapuchinosrecoletos.org\/web\/wp-content\/uploads\/2012\/07\/DSC_0501-300x200.jpg 300w, https:\/\/frailescapuchinosrecoletos.org\/web\/wp-content\/uploads\/2012\/07\/DSC_0501-1024x685.jpg 1024w, https:\/\/frailescapuchinosrecoletos.org\/web\/wp-content\/uploads\/2012\/07\/DSC_0501-448x300.jpg 448w\" sizes=\"(max-width: 3872px) 100vw, 3872px\" \/><\/a><\/p>\n<p>&nbsp;<\/p>\n<p><a href=\"http:\/\/frailescapuchinosrecoletos.org\/web\/wp-content\/uploads\/2012\/07\/DSC_0514.jpg\" rel=\"lightbox[502]\"><img loading=\"lazy\" class=\"alignnone size-full wp-image-1027\" src=\"http:\/\/frailescapuchinosrecoletos.org\/web\/wp-content\/uploads\/2012\/07\/DSC_0514.jpg\" alt=\"\" width=\"2592\" height=\"3872\" srcset=\"https:\/\/frailescapuchinosrecoletos.org\/web\/wp-content\/uploads\/2012\/07\/DSC_0514.jpg 2592w, https:\/\/frailescapuchinosrecoletos.org\/web\/wp-content\/uploads\/2012\/07\/DSC_0514-200x300.jpg 200w, https:\/\/frailescapuchinosrecoletos.org\/web\/wp-content\/uploads\/2012\/07\/DSC_0514-685x1024.jpg 685w\" sizes=\"(max-width: 2592px) 100vw, 2592px\" \/><\/a><\/p>\n<p><a href=\"http:\/\/frailescapuchinosrecoletos.org\/web\/wp-content\/uploads\/2012\/07\/DSC_0521.jpg\" rel=\"lightbox[502]\"><img loading=\"lazy\" class=\"alignnone size-full wp-image-1028\" src=\"http:\/\/frailescapuchinosrecoletos.org\/web\/wp-content\/uploads\/2012\/07\/DSC_0521.jpg\" alt=\"\" width=\"3872\" height=\"2592\" srcset=\"https:\/\/frailescapuchinosrecoletos.org\/web\/wp-content\/uploads\/2012\/07\/DSC_0521.jpg 3872w, https:\/\/frailescapuchinosrecoletos.org\/web\/wp-content\/uploads\/2012\/07\/DSC_0521-300x200.jpg 300w, https:\/\/frailescapuchinosrecoletos.org\/web\/wp-content\/uploads\/2012\/07\/DSC_0521-1024x685.jpg 1024w, https:\/\/frailescapuchinosrecoletos.org\/web\/wp-content\/uploads\/2012\/07\/DSC_0521-448x300.jpg 448w\" sizes=\"(max-width: 3872px) 100vw, 3872px\" \/><\/a><\/p>\n<p>&nbsp;<\/p>\n<p><a href=\"http:\/\/frailescapuchinosrecoletos.org\/web\/wp-content\/uploads\/2012\/07\/DSC_0539.jpg\" rel=\"lightbox[502]\"><img loading=\"lazy\" class=\"alignnone size-full wp-image-1029\" src=\"http:\/\/frailescapuchinosrecoletos.org\/web\/wp-content\/uploads\/2012\/07\/DSC_0539.jpg\" alt=\"\" width=\"2592\" height=\"3872\" srcset=\"https:\/\/frailescapuchinosrecoletos.org\/web\/wp-content\/uploads\/2012\/07\/DSC_0539.jpg 2592w, https:\/\/frailescapuchinosrecoletos.org\/web\/wp-content\/uploads\/2012\/07\/DSC_0539-200x300.jpg 200w, https:\/\/frailescapuchinosrecoletos.org\/web\/wp-content\/uploads\/2012\/07\/DSC_0539-685x1024.jpg 685w\" sizes=\"(max-width: 2592px) 100vw, 2592px\" \/><\/a><\/p>\n<p>&nbsp;<\/p>\n<p>&nbsp;<\/p>\n<p><a href=\"http:\/\/frailescapuchinosrecoletos.org\/web\/wp-content\/uploads\/2012\/07\/Cardenal-Poli-besa-anillo-a-Benedicto-XVI.jpg\" rel=\"lightbox[502]\"><img loading=\"lazy\" class=\"alignnone size-full wp-image-1063\" src=\"http:\/\/frailescapuchinosrecoletos.org\/web\/wp-content\/uploads\/2012\/07\/Cardenal-Poli-besa-anillo-a-Benedicto-XVI.jpg\" alt=\"\" width=\"642\" height=\"366\" srcset=\"https:\/\/frailescapuchinosrecoletos.org\/web\/wp-content\/uploads\/2012\/07\/Cardenal-Poli-besa-anillo-a-Benedicto-XVI.jpg 642w, https:\/\/frailescapuchinosrecoletos.org\/web\/wp-content\/uploads\/2012\/07\/Cardenal-Poli-besa-anillo-a-Benedicto-XVI-300x171.jpg 300w, https:\/\/frailescapuchinosrecoletos.org\/web\/wp-content\/uploads\/2012\/07\/Cardenal-Poli-besa-anillo-a-Benedicto-XVI-500x285.jpg 500w\" sizes=\"(max-width: 642px) 100vw, 642px\" \/><\/a><\/p>\n<p>Mons. Mario Aurelio Poli, Cardenal Primado de la Argentina en el \u00faltimo Consistorio saludando al Papa Em\u00e9rito Benedicto XVI.<\/p>\n<p>&nbsp;<\/p>\n<p><a href=\"http:\/\/frailescapuchinosrecoletos.org\/web\/wp-content\/uploads\/2012\/07\/FOTO-SHONA_41368.jpg\" rel=\"lightbox[502]\"><img loading=\"lazy\" class=\"alignnone size-large wp-image-1236\" src=\"http:\/\/frailescapuchinosrecoletos.org\/web\/wp-content\/uploads\/2012\/07\/FOTO-SHONA_41368-1024x683.jpg\" alt=\"\" width=\"584\" height=\"390\" srcset=\"https:\/\/frailescapuchinosrecoletos.org\/web\/wp-content\/uploads\/2012\/07\/FOTO-SHONA_41368-1024x683.jpg 1024w, https:\/\/frailescapuchinosrecoletos.org\/web\/wp-content\/uploads\/2012\/07\/FOTO-SHONA_41368-300x200.jpg 300w, https:\/\/frailescapuchinosrecoletos.org\/web\/wp-content\/uploads\/2012\/07\/FOTO-SHONA_41368-450x300.jpg 450w\" sizes=\"(max-width: 584px) 100vw, 584px\" \/><\/a><\/p>\n<p style=\"text-align: center;\">Con Mons. Ra\u00fal Mart\u00edn la comunidad de Int. Alvear 2014<\/p>\n<p><a href=\"http:\/\/frailescapuchinosrecoletos.org\/web\/wp-content\/uploads\/2012\/07\/P1010064.jpg\" rel=\"lightbox[502]\"><img loading=\"lazy\" class=\"alignnone size-large wp-image-1226\" src=\"http:\/\/frailescapuchinosrecoletos.org\/web\/wp-content\/uploads\/2012\/07\/P1010064-768x1024.jpg\" alt=\"\" width=\"584\" height=\"779\" srcset=\"https:\/\/frailescapuchinosrecoletos.org\/web\/wp-content\/uploads\/2012\/07\/P1010064-768x1024.jpg 768w, https:\/\/frailescapuchinosrecoletos.org\/web\/wp-content\/uploads\/2012\/07\/P1010064-225x300.jpg 225w, https:\/\/frailescapuchinosrecoletos.org\/web\/wp-content\/uploads\/2012\/07\/P1010064.jpg 1944w\" sizes=\"(max-width: 584px) 100vw, 584px\" \/><\/a><\/p>\n<p><a href=\"http:\/\/frailescapuchinosrecoletos.org\/web\/wp-content\/uploads\/2012\/07\/P1010065.jpg\" rel=\"lightbox[502]\"><img loading=\"lazy\" class=\"alignnone size-large wp-image-1227\" src=\"http:\/\/frailescapuchinosrecoletos.org\/web\/wp-content\/uploads\/2012\/07\/P1010065-768x1024.jpg\" alt=\"\" width=\"584\" height=\"779\" srcset=\"https:\/\/frailescapuchinosrecoletos.org\/web\/wp-content\/uploads\/2012\/07\/P1010065-768x1024.jpg 768w, https:\/\/frailescapuchinosrecoletos.org\/web\/wp-content\/uploads\/2012\/07\/P1010065-225x300.jpg 225w, https:\/\/frailescapuchinosrecoletos.org\/web\/wp-content\/uploads\/2012\/07\/P1010065.jpg 1944w\" sizes=\"(max-width: 584px) 100vw, 584px\" \/><\/a><\/p>\n<p>Mons. Rinaldo Fidel Bredice Obispo Emerito de Santa Rosa Bendiciendo una May\u00f3lica de Nuestra Se\u00f1ora de Luj\u00e1n en la esquina de la Parroquia de Int. Alvear.<\/p>\n","protected":false},"excerpt":{"rendered":"<p>Llegada del Nuncio Apost\u00f3lico S.E.R. Mons. Adriano Bernardini y S.E.R. Mons. Br\u00e9dice al Convento N. Sra. de Bel\u00e9n&nbsp; en Gral San Mart\u00edn, La Pampa, le reciben fr. Jos\u00e9 Miguel y el Guardi\u00e1n de la comunidad fr. Benito . &nbsp; Compartiendo con el Sr. Nuncio y Obispo junto a la comunidad&hellip; <\/p>\n","protected":false},"author":5,"featured_media":0,"parent":0,"menu_order":0,"comment_status":"closed","ping_status":"closed","template":"","meta":{"ngg_post_thumbnail":0},"_links":{"self":[{"href":"https:\/\/frailescapuchinosrecoletos.org\/web\/index.php?rest_route=\/wp\/v2\/pages\/502"}],"collection":[{"href":"https:\/\/frailescapuchinosrecoletos.org\/web\/index.php?rest_route=\/wp\/v2\/pages"}],"about":[{"href":"https:\/\/frailescapuchinosrecoletos.org\/web\/index.php?rest_route=\/wp\/v2\/types\/page"}],"author":[{"embeddable":true,"href":"https:\/\/frailescapuchinosrecoletos.org\/web\/index.php?rest_route=\/wp\/v2\/users\/5"}],"replies":[{"embeddable":true,"href":"https:\/\/frailescapuchinosrecoletos.org\/web\/index.php?rest_route=%2Fwp%2Fv2%2Fcomments&post=502"}],"version-history":[{"count":26,"href":"https:\/\/frailescapuchinosrecoletos.org\/web\/index.php?rest_route=\/wp\/v2\/pages\/502\/revisions"}],"predecessor-version":[{"id":560,"href":"https:\/\/frailescapuchinosrecoletos.org\/web\/index.php?rest_route=\/wp\/v2\/pages\/502\/revisions\/560"}],"wp:attachment":[{"href":"https:\/\/frailescapuchinosrecoletos.org\/web\/index.php?rest_route=%2Fwp%2Fv2%2Fmedia&parent=502"}],"curies":[{"name":"wp","href":"https:\/\/api.w.org\/{rel}","templated":true}]}}