{"id":496,"date":"2012-07-24T12:30:56","date_gmt":"2012-07-24T15:30:56","guid":{"rendered":"http:\/\/frailescapuchinosrecoletos.org\/web\/?page_id=496"},"modified":"2019-08-01T11:21:56","modified_gmt":"2019-08-01T14:21:56","slug":"fotos","status":"publish","type":"page","link":"https:\/\/frailescapuchinosrecoletos.org\/web\/?page_id=496","title":{"rendered":"Fotos"},"content":{"rendered":"<p><img loading=\"lazy\" class=\"aligncenter wp-image-1946\" src=\"http:\/\/frailescapuchinosrecoletos.org\/web\/wp-content\/uploads\/2019\/07\/IMG-20190503-WA0041.jpg\" alt=\"\" width=\"640\" height=\"482\" srcset=\"https:\/\/frailescapuchinosrecoletos.org\/web\/wp-content\/uploads\/2019\/07\/IMG-20190503-WA0041.jpg 640w, https:\/\/frailescapuchinosrecoletos.org\/web\/wp-content\/uploads\/2019\/07\/IMG-20190503-WA0041-300x226.jpg 300w, https:\/\/frailescapuchinosrecoletos.org\/web\/wp-content\/uploads\/2019\/07\/IMG-20190503-WA0041-398x300.jpg 398w\" sizes=\"(max-width: 640px) 100vw, 640px\" \/><\/p>\n<p style=\"text-align: center;\">Nuestro Obispo Mons. Ra\u00fal Mart\u00edn en visita \u00abad limina\u00bb 2019<\/p>\n<p>&nbsp;<\/p>\n<p><img loading=\"lazy\" class=\"aligncenter wp-image-1948\" src=\"http:\/\/frailescapuchinosrecoletos.org\/web\/wp-content\/uploads\/2019\/07\/IMG-20190601-WA0031.jpg\" alt=\"\" width=\"403\" height=\"682\" srcset=\"https:\/\/frailescapuchinosrecoletos.org\/web\/wp-content\/uploads\/2019\/07\/IMG-20190601-WA0031.jpg 757w, https:\/\/frailescapuchinosrecoletos.org\/web\/wp-content\/uploads\/2019\/07\/IMG-20190601-WA0031-177x300.jpg 177w, https:\/\/frailescapuchinosrecoletos.org\/web\/wp-content\/uploads\/2019\/07\/IMG-20190601-WA0031-606x1024.jpg 606w\" sizes=\"(max-width: 403px) 100vw, 403px\" \/><\/p>\n<p style=\"text-align: center;\">fr. Gustavo, junto a Mons. Luis Dario Martin, en el d\u00eda de su Consagraci\u00f3n como Obispo Auxiliar de Sta. Rosa La Pampa, en la Basilica de Ntra. Sra. de Luj\u00e1n.<\/p>\n<p><img loading=\"lazy\" class=\"aligncenter wp-image-2025 size-large\" src=\"http:\/\/frailescapuchinosrecoletos.org\/web\/wp-content\/uploads\/2019\/07\/IMG-20190727-WA0007-1024x614.jpg\" alt=\"\" width=\"584\" height=\"350\" srcset=\"https:\/\/frailescapuchinosrecoletos.org\/web\/wp-content\/uploads\/2019\/07\/IMG-20190727-WA0007-1024x614.jpg 1024w, https:\/\/frailescapuchinosrecoletos.org\/web\/wp-content\/uploads\/2019\/07\/IMG-20190727-WA0007-300x180.jpg 300w, https:\/\/frailescapuchinosrecoletos.org\/web\/wp-content\/uploads\/2019\/07\/IMG-20190727-WA0007-768x461.jpg 768w, https:\/\/frailescapuchinosrecoletos.org\/web\/wp-content\/uploads\/2019\/07\/IMG-20190727-WA0007-500x300.jpg 500w, https:\/\/frailescapuchinosrecoletos.org\/web\/wp-content\/uploads\/2019\/07\/IMG-20190727-WA0007.jpg 1280w\" sizes=\"(max-width: 584px) 100vw, 584px\" \/><\/p>\n<p>Pasando por la zona realiz\u00f3 su primera visita Mons. Luis D. Martin Obispo Auxiliar de la Di\u00f3cesis<\/p>\n<p>&nbsp;<\/p>\n<p>&nbsp;<\/p>\n<p><img loading=\"lazy\" class=\"aligncenter size-full wp-image-1954\" src=\"http:\/\/frailescapuchinosrecoletos.org\/web\/wp-content\/uploads\/2019\/07\/IMG-20190414-WA0042.jpg\" alt=\"\" width=\"1280\" height=\"622\" srcset=\"https:\/\/frailescapuchinosrecoletos.org\/web\/wp-content\/uploads\/2019\/07\/IMG-20190414-WA0042.jpg 1280w, https:\/\/frailescapuchinosrecoletos.org\/web\/wp-content\/uploads\/2019\/07\/IMG-20190414-WA0042-300x146.jpg 300w, https:\/\/frailescapuchinosrecoletos.org\/web\/wp-content\/uploads\/2019\/07\/IMG-20190414-WA0042-768x373.jpg 768w, https:\/\/frailescapuchinosrecoletos.org\/web\/wp-content\/uploads\/2019\/07\/IMG-20190414-WA0042-1024x498.jpg 1024w, https:\/\/frailescapuchinosrecoletos.org\/web\/wp-content\/uploads\/2019\/07\/IMG-20190414-WA0042-500x243.jpg 500w\" sizes=\"(max-width: 1280px) 100vw, 1280px\" \/><\/p>\n<p>Procesi\u00f3n de Domingo de Ramos 2019, en el Dique (La Plata)<\/p>\n<p>&nbsp;<\/p>\n<p><img loading=\"lazy\" class=\"aligncenter size-full wp-image-1955\" src=\"http:\/\/frailescapuchinosrecoletos.org\/web\/wp-content\/uploads\/2019\/07\/IMG-20190617-WA0000.jpg\" alt=\"\" width=\"1280\" height=\"960\" srcset=\"https:\/\/frailescapuchinosrecoletos.org\/web\/wp-content\/uploads\/2019\/07\/IMG-20190617-WA0000.jpg 1280w, https:\/\/frailescapuchinosrecoletos.org\/web\/wp-content\/uploads\/2019\/07\/IMG-20190617-WA0000-300x225.jpg 300w, https:\/\/frailescapuchinosrecoletos.org\/web\/wp-content\/uploads\/2019\/07\/IMG-20190617-WA0000-768x576.jpg 768w, https:\/\/frailescapuchinosrecoletos.org\/web\/wp-content\/uploads\/2019\/07\/IMG-20190617-WA0000-1024x768.jpg 1024w, https:\/\/frailescapuchinosrecoletos.org\/web\/wp-content\/uploads\/2019\/07\/IMG-20190617-WA0000-400x300.jpg 400w\" sizes=\"(max-width: 1280px) 100vw, 1280px\" \/><\/p>\n<p>&nbsp;<\/p>\n<p><img loading=\"lazy\" class=\"aligncenter size-full wp-image-1959\" src=\"http:\/\/frailescapuchinosrecoletos.org\/web\/wp-content\/uploads\/2019\/07\/IMG-20190721-WA0030.jpg\" alt=\"\" width=\"960\" height=\"1280\" srcset=\"https:\/\/frailescapuchinosrecoletos.org\/web\/wp-content\/uploads\/2019\/07\/IMG-20190721-WA0030.jpg 960w, https:\/\/frailescapuchinosrecoletos.org\/web\/wp-content\/uploads\/2019\/07\/IMG-20190721-WA0030-225x300.jpg 225w, https:\/\/frailescapuchinosrecoletos.org\/web\/wp-content\/uploads\/2019\/07\/IMG-20190721-WA0030-768x1024.jpg 768w\" sizes=\"(max-width: 960px) 100vw, 960px\" \/><\/p>\n<p>Adoraci\u00f3n al Santis\u00edmo Sacramento, en la Capilla interna del Convento de La Plata.<\/p>\n<p>&nbsp;<\/p>\n<p>&nbsp;<\/p>\n<p><img loading=\"lazy\" class=\"aligncenter size-full wp-image-1958\" src=\"http:\/\/frailescapuchinosrecoletos.org\/web\/wp-content\/uploads\/2019\/07\/IMG-20190630-WA0008.jpg\" alt=\"\" width=\"768\" height=\"1024\" srcset=\"https:\/\/frailescapuchinosrecoletos.org\/web\/wp-content\/uploads\/2019\/07\/IMG-20190630-WA0008.jpg 768w, https:\/\/frailescapuchinosrecoletos.org\/web\/wp-content\/uploads\/2019\/07\/IMG-20190630-WA0008-225x300.jpg 225w\" sizes=\"(max-width: 768px) 100vw, 768px\" \/><\/p>\n<p>&nbsp;<\/p>\n<p><img loading=\"lazy\" class=\"aligncenter size-medium wp-image-2081\" src=\"http:\/\/frailescapuchinosrecoletos.org\/web\/wp-content\/uploads\/2019\/07\/IMG-20190427-WA0150-225x300.jpg\" alt=\"\" width=\"225\" height=\"300\" srcset=\"https:\/\/frailescapuchinosrecoletos.org\/web\/wp-content\/uploads\/2019\/07\/IMG-20190427-WA0150-225x300.jpg 225w, https:\/\/frailescapuchinosrecoletos.org\/web\/wp-content\/uploads\/2019\/07\/IMG-20190427-WA0150.jpg 480w\" sizes=\"(max-width: 225px) 100vw, 225px\" \/> <img loading=\"lazy\" class=\"aligncenter size-medium wp-image-2084\" src=\"http:\/\/frailescapuchinosrecoletos.org\/web\/wp-content\/uploads\/2019\/07\/IMG-20190427-WA0068-225x300.jpg\" alt=\"\" width=\"225\" height=\"300\" srcset=\"https:\/\/frailescapuchinosrecoletos.org\/web\/wp-content\/uploads\/2019\/07\/IMG-20190427-WA0068-225x300.jpg 225w, https:\/\/frailescapuchinosrecoletos.org\/web\/wp-content\/uploads\/2019\/07\/IMG-20190427-WA0068.jpg 768w\" sizes=\"(max-width: 225px) 100vw, 225px\" \/> <img loading=\"lazy\" class=\"aligncenter size-medium wp-image-2082\" src=\"http:\/\/frailescapuchinosrecoletos.org\/web\/wp-content\/uploads\/2019\/07\/IMG-20190427-WA0081-300x146.jpg\" alt=\"\" width=\"300\" height=\"146\" srcset=\"https:\/\/frailescapuchinosrecoletos.org\/web\/wp-content\/uploads\/2019\/07\/IMG-20190427-WA0081-300x146.jpg 300w, https:\/\/frailescapuchinosrecoletos.org\/web\/wp-content\/uploads\/2019\/07\/IMG-20190427-WA0081.jpg 480w\" sizes=\"(max-width: 300px) 100vw, 300px\" \/> <img loading=\"lazy\" class=\"aligncenter size-medium wp-image-2085\" src=\"http:\/\/frailescapuchinosrecoletos.org\/web\/wp-content\/uploads\/2019\/07\/IMG-20190427-WA0095-300x225.jpg\" alt=\"\" width=\"300\" height=\"225\" srcset=\"https:\/\/frailescapuchinosrecoletos.org\/web\/wp-content\/uploads\/2019\/07\/IMG-20190427-WA0095-300x225.jpg 300w, https:\/\/frailescapuchinosrecoletos.org\/web\/wp-content\/uploads\/2019\/07\/IMG-20190427-WA0095-768x576.jpg 768w, https:\/\/frailescapuchinosrecoletos.org\/web\/wp-content\/uploads\/2019\/07\/IMG-20190427-WA0095-1024x768.jpg 1024w, https:\/\/frailescapuchinosrecoletos.org\/web\/wp-content\/uploads\/2019\/07\/IMG-20190427-WA0095-400x300.jpg 400w, https:\/\/frailescapuchinosrecoletos.org\/web\/wp-content\/uploads\/2019\/07\/IMG-20190427-WA0095.jpg 1280w\" sizes=\"(max-width: 300px) 100vw, 300px\" \/><\/p>\n<p>Peregrinaci\u00f3n D\u00f3cesana de Ni\u00f1os por Decanatos, en Int. Alvear (La Pampa), el 27 de Abril de 2019<\/p>\n","protected":false},"excerpt":{"rendered":"<p>Nuestro Obispo Mons. Ra\u00fal Mart\u00edn en visita \u00abad limina\u00bb 2019 &nbsp; fr. Gustavo, junto a Mons. Luis Dario Martin, en el d\u00eda de su Consagraci\u00f3n como Obispo Auxiliar de Sta. Rosa La Pampa, en la Basilica de Ntra. Sra. de Luj\u00e1n. Pasando por la zona realiz\u00f3 su primera visita Mons.&hellip; <\/p>\n","protected":false},"author":5,"featured_media":0,"parent":0,"menu_order":0,"comment_status":"closed","ping_status":"open","template":"","meta":{"ngg_post_thumbnail":0},"_links":{"self":[{"href":"https:\/\/frailescapuchinosrecoletos.org\/web\/index.php?rest_route=\/wp\/v2\/pages\/496"}],"collection":[{"href":"https:\/\/frailescapuchinosrecoletos.org\/web\/index.php?rest_route=\/wp\/v2\/pages"}],"about":[{"href":"https:\/\/frailescapuchinosrecoletos.org\/web\/index.php?rest_route=\/wp\/v2\/types\/page"}],"author":[{"embeddable":true,"href":"https:\/\/frailescapuchinosrecoletos.org\/web\/index.php?rest_route=\/wp\/v2\/users\/5"}],"replies":[{"embeddable":true,"href":"https:\/\/frailescapuchinosrecoletos.org\/web\/index.php?rest_route=%2Fwp%2Fv2%2Fcomments&post=496"}],"version-history":[{"count":11,"href":"https:\/\/frailescapuchinosrecoletos.org\/web\/index.php?rest_route=\/wp\/v2\/pages\/496\/revisions"}],"predecessor-version":[{"id":2107,"href":"https:\/\/frailescapuchinosrecoletos.org\/web\/index.php?rest_route=\/wp\/v2\/pages\/496\/revisions\/2107"}],"wp:attachment":[{"href":"https:\/\/frailescapuchinosrecoletos.org\/web\/index.php?rest_route=%2Fwp%2Fv2%2Fmedia&parent=496"}],"curies":[{"name":"wp","href":"https:\/\/api.w.org\/{rel}","templated":true}]}}