{"id":200,"date":"2011-09-11T12:17:06","date_gmt":"2011-09-11T15:17:06","guid":{"rendered":"http:\/\/frailescapuchinosrecoletos.org\/web\/?page_id=200"},"modified":"2019-07-22T16:58:09","modified_gmt":"2019-07-22T19:58:09","slug":"estatutos","status":"publish","type":"page","link":"https:\/\/frailescapuchinosrecoletos.org\/web\/?page_id=200","title":{"rendered":"Estatutos"},"content":{"rendered":"<p style=\"text-align: center;\"><strong>CAPITULO I<\/strong><\/p>\n<p style=\"text-align: center;\"><strong>\u00a0<\/strong><\/p>\n<p style=\"text-align: center;\"><strong>NATURALEZA Y FIN DE LA ASOCIACI\u00d3N<\/strong><\/p>\n<p>&nbsp;<\/p>\n<p><strong>Art. 1- <\/strong>La Fraternidad de Capuchinos Recoletos es una Asociaci\u00f3n P\u00fablica de fieles cl\u00e9rigos de vida fraterna en com\u00fan, bajo la Regla de San Francisco de As\u00eds, por el Papa Honorio aprobada, que congrega al mismo tiempo a cl\u00e9rigos y hermanos no cl\u00e9rigos, con persona jur\u00eddica p\u00fablica y que aspira a constituir una congregaci\u00f3n religiosa de derecho diocesano, cuando se den las condiciones establecidas por el Derecho Can\u00f3nico.<\/p>\n<p>&nbsp;<\/p>\n<p><strong>Art. 2- <\/strong>Los miembros de esta Fraternidad se proponen ante todo buscar la perfecci\u00f3n de la caridad, es decir tender fervientemente a la santidad de vida para la mayor gloria de Dios, de acuerdo a la espiritualidad franciscano-capuchina, acentuando la sublime c\u00e1tedra de Bel\u00e9n, como camino de recolecci\u00f3n. Quedando como notas distintivas de la Escuela Franciscana:<\/p>\n<p>a.- Un esp\u00edritu de retorno a la observancia del Santo Evangelio, como lo ense\u00f1a la Iglesia a la luz de la Tradici\u00f3n.<\/p>\n<p>b.- Siembra de Paz, fruto de la uni\u00f3n con Jesucristo.<\/p>\n<p>c.- Sumisi\u00f3n sobrenatural a la Santa Iglesia, al Papado y su Jerarqu\u00eda.<\/p>\n<p>d.- Amor personal y apasionado a la Sant\u00edsima Humanidad de Jesucristo, particularmente en Bel\u00e9n, en la Pasi\u00f3n y Cruz.<\/p>\n<p>e.- Esp\u00edritu de Adoraci\u00f3n al Se\u00f1or Sacramentado y filial devoci\u00f3n a la Pur\u00edsima Madre de Dios.<\/p>\n<p>f.-Todo animado de desprendimiento en pobreza y humildad por Cristo Pobre y Humillado por Amor a los hombres.<\/p>\n<p>&nbsp;<\/p>\n<p><strong>Art. 3- <\/strong>Para \u201cseguir m\u00e1s de cerca el anonadamiento del Salvador y manifestarlo m\u00e1s claramente\u201d (L.G. 42), los miembros de la Comunidad emiten votos de pobreza, castidad y obediencia, primero temporales, renov\u00e1ndose anualmente por no menos de tres a\u00f1os, ni m\u00e1s de seis y despu\u00e9s perpetuos, \u201cconsumando de este modo la plena donaci\u00f3n de s\u00ed mismos como sacrificio ofrecido a Dios, por el que toda su existencia se hace culto continuo a Dios en la caridad\u201d (CIC 607).<\/p>\n<p>Finalizado el noviciado, aquellos que soliciten la profesi\u00f3n religiosa, deben hacerlo por documento escrito donde conste la recta intenci\u00f3n y la entera libertad, esto mismo para la renovaci\u00f3n anual de los votos temporales y para la petici\u00f3n de los votos perpetuos. El padre custodio, con el consentimiento de su consejo, se reserva el derecho de aceptar dicha petici\u00f3n o de denegarla por justas causas.<\/p>\n<p><strong>\u00a0<\/strong><\/p>\n<p><strong>\u00a0\u00a0\u00a0\u00a0\u00a0\u00a0\u00a0\u00a0\u00a0 Art. 4- <\/strong>\u201cSi quieres ser perfecto, vende cuanto tienes y dalo a los pobres, y tendr\u00e1s un tesoro en el Cielo, y ven y s\u00edgueme\u201d (Mt.19, 21) Y: \u201csi alguno quiere venir en pos de M\u00ed, ni\u00e9guese a s\u00ed mismo y tome su cruz y s\u00edgame\u201d (Mt. 16,24; Lc. 9,23). \u00c9stas palabras de Nuestro Se\u00f1or que recogiera N. P. San Francisco marcando toda su vida y la de los suyos (I Regla, cap.1), son divisa que urge a los miembros de la Comunidad, disponi\u00e9ndolos al abandono total en el amor de Dios, a la lucha asc\u00e9tica personal y comunitaria, y a conquistar las almas para el Reino de Cristo.<\/p>\n<p>Esta vida de silencio, oraci\u00f3n, penitencia y apostolado solo puede celebrarse fecundamente en comuni\u00f3n filial y plena con la Santa Madre Iglesia, como nota distintiva de la aut\u00e9ntica vida franciscana, en obediencia y disponibilidad al Romano Pont\u00edfice, al Obispo del lugar y procurando en todo el esp\u00edritu de caridad y unidad eclesial.<\/p>\n<p>&nbsp;<\/p>\n<p>Art. 5- La Comunidad de Frailes Capuchinos Recoletos, llamada a cooperar silenciosamente en el crecimiento y perfecci\u00f3n del Reino de Cristo, que es la Iglesia Cat\u00f3lica, quiere ser un cuerpo de religiosos que militan bajo el estandarte de la Cruz de Cristo y de la sant\u00edsima escuela de Bel\u00e9n, siguiendo las exhortaciones de San Francisco, viviendo la Buena Nueva del Evangelio, predicando la conversi\u00f3n y la alegr\u00eda del Amor Misericordioso de Dios.<\/p>\n<p>Sea particularidad de esta Comunidad:<\/p>\n<p>&nbsp;<\/p>\n<ul>\n<li>\u00a0\u00a0\u00a0\u00a0\u00a0 El Ofrecerse a Jesucristo Nuestro Se\u00f1or, acompa\u00f1ando con la oraci\u00f3n la vida y ministerio de los obispos y presb\u00edteros, am\u00e1ndolos y honr\u00e1ndolos\u00a0 (Testamento N.P. San Francisco)<\/li>\n<li>La adoraci\u00f3n a Jes\u00fas Sacramentado, reparando los ultrajes e indiferencias que recibe en este Sant\u00edsimo Sacramento, alabando y agradeciendo su real y Divina Presencia (Avisos espirituales N\u00ba1 N.P. San Francisco).<\/li>\n<\/ul>\n<p>&nbsp;<\/p>\n<p>Profesa la Fraternidad una filial y tierna devoci\u00f3n a la Inmaculada y Pur\u00edsima Virgen Mar\u00eda, Causa Nostrae Laetitiae, como Madre, Reina y Se\u00f1ora. Tiene como Padre y Maestro a San Francisco de As\u00eds, y venera de modo particular al Arc\u00e1ngel San Miguel, al\u00a0 Patriarca San Jos\u00e9, a San Pedro de Alc\u00e1ntara, San P\u00edo de Pietrelcina y a todos los Santos de la familia franciscana.<\/p>\n<p>&nbsp;<\/p>\n<p>Art. 6- Esta Asociaci\u00f3n tiene su sede en la Di\u00f3cesis de Santa Rosa (La Pampa, Argentina) y se rige por las normas del C\u00f3digo de Derecho Can\u00f3nico que le sean aplicables, particularmente en lo que hace a las asociaciones p\u00fablicas de fieles, la disciplina del Clero y la Vida Religiosa, y por los presentes estatutos.<\/p>\n<p>&nbsp;<\/p>\n<p><strong>\u00a0\u00a0\u00a0\u00a0\u00a0\u00a0\u00a0\u00a0 Art. 7- <\/strong>Para su vida interna, la Fraternidad tendr\u00e1 un costumbrero que ser\u00e1 aprobado por el capitulo general. El mismo recoger\u00e1 de modo simple y concreto las mejores tradiciones de la vida franciscana, enmarcada en la realidad actual, y siendo interpretada a la luz del magisterio de la vida de los santos de la familia franciscana.<\/p>\n<p><strong>\u00a0<\/strong><\/p>\n<p style=\"text-align: center;\"><strong>CAPITULO II<\/strong><\/p>\n<p style=\"text-align: center;\"><strong>\u00a0<\/strong><\/p>\n<p style=\"text-align: center;\"><strong>MEDIOS DE APOSTOLADO<\/strong><\/p>\n<p>&nbsp;<\/p>\n<p>Art. 8- Fruto de la vida de oraci\u00f3n, la que deber\u00e1 respetarse con regularidad, a saber: celebraci\u00f3n del Oficio Divino en Coro, una hora de adoraci\u00f3n al Sant\u00edsimo sacramento y no menos de cuarenta y cinco minutos de lectura espiritual, Santo Rosario, y muy especialmente, como \u201cfuente y cumbre de toda la vida\u201d <strong>la Santa Misa<\/strong> y la acci\u00f3n de gracias. Los frailes de esta comunidad tengan un vivo celo apost\u00f3lico, buscando intensamente llevar a los hombres a Cristo Jes\u00fas. Sean mansos y alegres, dispuestos y caritativos con todos, especialmente con los que m\u00e1s sufren en el alma o en el cuerpo y sirvan con reverencia a los sacerdotes diocesanos en esp\u00edritu fraterno, como as\u00ed a otros cl\u00e9rigos y religiosos.<\/p>\n<p>&nbsp;<\/p>\n<p>Art. 9- Los sacerdotes de esta comunidad est\u00e9n bien dispuestos al ministerio del confesionario, la direcci\u00f3n espiritual, retiros espirituales, y la formaci\u00f3n doctrinal de los fieles. Muy especialmente a los \u201chermanos penitentes\u201d brind\u00e1ndoles que puedan nutrirse de la escuela que nos dejara, como sendero seguro Nuestro Padre San Francisco.<\/p>\n<p>&nbsp;<\/p>\n<p><strong>\u00a0\u00a0\u00a0\u00a0\u00a0\u00a0\u00a0\u00a0\u00a0\u00a0\u00a0 Art. 10- <\/strong>Para vivir radicalmente la vocaci\u00f3n a la minoridad y pobreza, como ense\u00f1a N.P. San Francisco, est\u00e9n todos los religiosos con disponibilidad, alegr\u00eda y esp\u00edritu de servicio. Asimismo, para salvaguardar el carisma propio de esta Asociaci\u00f3n, t\u00e9ngase en cuenta se pueda llevar con regularidad la vida conventual, buscando lugares que den la posibilidad de silencio para la oraci\u00f3n y la observancia de la Santa Regla.<\/p>\n<p>&nbsp;<\/p>\n<p><strong>\u00a0<\/strong><\/p>\n<p style=\"text-align: center;\"><strong>CAPITULO III<\/strong><\/p>\n<p style=\"text-align: center;\"><strong>\u00a0<\/strong><\/p>\n<p style=\"text-align: center;\"><strong>SOBRE LOS MIEMBROS<\/strong><\/p>\n<p>&nbsp;<\/p>\n<p>Art. 11- Los que deseen ingresar a la Fraternidad deben anhelar ardientemente seguir a Jesucristo, amar fielmente a la Santa Iglesia, estar en plena comuni\u00f3n con Su Jerarqu\u00eda, y estar decididos a abandonar el esp\u00edritu del mundo.<\/p>\n<p>&nbsp;<\/p>\n<p>Art. 12- La incorporaci\u00f3n\u00a0 a la fraternidad se realiza mediante la profesi\u00f3n de los votos de pobreza, castidad y obediencia en manos del Padre Custodio o su delegado al finalizar el noviciado, haci\u00e9ndose, dicha incorporaci\u00f3n plena por la profesi\u00f3n perpetua.<\/p>\n<p>&nbsp;<\/p>\n<p><strong>\u00a0\u00a0\u00a0\u00a0\u00a0\u00a0\u00a0\u00a0 Art. 13-<\/strong> El ingreso al noviciado, que se realizar\u00e1 de ser posible, separado de los profesos, durar\u00e1 un a\u00f1o entero, pudiendo extenderse, si fuese necesario hasta un a\u00f1o m\u00e1s, previo un per\u00edodo llamado postulantado que podr\u00e1 ser de seis meses a dos a\u00f1os, seg\u00fan criterio del Custodio, despu\u00e9s de haber escuchado el parecer de quienes corresponde darlo, maestro de novicios en el primer caso y del encargado de los postulantes en el segundo.<\/p>\n<p>Al iniciar el noviciado, los novicios recibir\u00e1n el santo h\u00e1bito, signo de vida nueva, de muerte al mundo y de revestirse como caballeros de Cristo y del Evangelio, siguiendo las ense\u00f1anzas de Nuestro Padre Ser\u00e1fico.<\/p>\n<p>&nbsp;<\/p>\n<p><strong>\u00a0\u00a0\u00a0\u00a0\u00a0\u00a0\u00a0 Art. 14- <\/strong>Para completar la formaci\u00f3n del noviciado, y con posteridad a \u00e9ste, los religiosos se dedicar\u00e1n a ejercicios de apostolado y otros ejercicios internos, siempre resguardando el esp\u00edritu de recogimiento y oraci\u00f3n. Quienes est\u00e9n llamados al sacerdocio, har\u00e1n los estudios eclesi\u00e1sticos propios; los hermanos no llamados al sacerdocio, sepan que ocupan un lugar muy importante con su oraci\u00f3n y entrega, vida y vocaci\u00f3n, que en la historia del franciscanismo ha dado innumerables santos para gloria de la Iglesia. Cuiden todos, bajo la gu\u00eda del superior, la formaci\u00f3n permanente, y cultiven diligentemente el esp\u00edritu.<\/p>\n<p>&nbsp;<\/p>\n<p><strong>\u00a0\u00a0\u00a0\u00a0\u00a0\u00a0\u00a0\u00a0\u00a0 Art. 15.-<\/strong> Los sacerdotes y di\u00e1conos que forman parte de la fraternidad pueden incardinarse en cualquier Di\u00f3cesis donde sean acogidos, mientras no puedan estarlo en el mismo instituto (CIC 265), estableciendo un acuerdo escrito con el respectivo Obispo donde se consigne que desempe\u00f1aran su ministerio conforme al carisma propio de la fraternidad y bajo la autoridad de sus superiores.<\/p>\n<p>&nbsp;<\/p>\n<p><strong>\u00a0\u00a0\u00a0\u00a0\u00a0\u00a0 \u00a0Art. 16.-<\/strong> El Sr. Obispo puede dispensar de los votos a los miembros que se apartan leg\u00edtima y voluntariamente de la Fraternidad (CIC 1196, 3) Respecto a la expulsi\u00f3n de los miembros se aplicaran, mutatis mutandis, las normas de los CC. 694-703 (CIC 308).<\/p>\n<p>&nbsp;<\/p>\n<p style=\"text-align: center;\"><strong>CAPITULO IV<\/strong><\/p>\n<p style=\"text-align: center;\"><strong>\u00a0<\/strong><\/p>\n<p style=\"text-align: center;\"><strong>SOBRE EL R\u00c9GIMEN<\/strong><\/p>\n<p>&nbsp;<\/p>\n<p>Art. 17- El r\u00e9gimen de la Fraternidad est\u00e1 encomendado a un Superior o Custodio, que siempre ser\u00e1 un sacerdote, ayudado por su consulta o consejo. Toda la Asociaci\u00f3n est\u00e1 representada leg\u00edtimamente por el Custodio, incluso en todos los negocios jur\u00eddicos. En caso de impedimento o de cargo vacante, la representaci\u00f3n le corresponde al Padre Vicario, o a quien asume el r\u00e9gimen.<\/p>\n<p>&nbsp;<\/p>\n<p>Art. 18- El Cap\u00edtulo se compone exclusivamente de religiosos de votos perpetuos designados para esta funci\u00f3n, a saber: el Custodio, el Vicario, el Maestro de novicios, los otros miembros consultores, y los religiosos representantes.<\/p>\n<p>&nbsp;<\/p>\n<p>Art. 19- El Vicario y el Maestro de novicios son elegidos por el Custodio, despu\u00e9s de escuchar el parecer de los consultores, deben ser sacerdotes, son consultores por oficio mientras permanezcan en sus funciones, pudiendo ser reelegidos, sin impedimento de t\u00e9rminos.<\/p>\n<p>&nbsp;<\/p>\n<p>Art. 20.- Los religiosos representantes para el Cap\u00edtulo, ser\u00e1n libremente elegidos, de modo secreto, de acuerdo a las normas generales del derecho, por todos los religiosos con votos perpetuos a raz\u00f3n de uno por cada cuatro frailes.<\/p>\n<p>&nbsp;<\/p>\n<p>Art. 21.- El Custodio o Superior es elegido por el Cap\u00edtulo, de acuerdo a las normas del derecho. El oficio del padre Custodio dura seis a\u00f1os, puede ser reelegido por un per\u00edodo consecutivo.<\/p>\n<p>&nbsp;<\/p>\n<p><strong>\u00a0\u00a0\u00a0\u00a0\u00a0\u00a0\u00a0\u00a0\u00a0\u00a0\u00a0 Art. 22.- <\/strong>Para ayudar al Custodio para dirigir y gobernar la Asociaci\u00f3n hay una Consulta compuesta exclusivamente de frailes de votos perpetuos, que consta de: el Vicario, el Maestro de novicios, y dos religiosos elegidos por el Cap\u00edtulo por un per\u00edodo de seis a\u00f1os, pudiendo ser reelegidos.<\/p>\n<p>&nbsp;<\/p>\n<p><strong>\u00a0\u00a0\u00a0\u00a0\u00a0\u00a0\u00a0 \u00a0\u00a0Art. 23.- <\/strong>El Custodio no podr\u00e1 ser el ec\u00f3nomo de la Fraternidad, aunque debe supervisar la actividad econ\u00f3mica, d\u00e1ndose cuenta anualmente a todos los miembros consultores. En cada comunidad el guardi\u00e1n, nombrar\u00e1 un profeso perpetuo como ec\u00f3nomo, guard\u00e1ndose siempre el principio de dar cuenta, y no disponer sin la obediencia.<\/p>\n<p>En todo y siempre el esp\u00edritu de pobreza y austeridad est\u00e9 presente en la administraci\u00f3n de los bienes que la Providencia\u00a0 nos brinda para vivir.<\/p>\n<p>&nbsp;<\/p>\n<p style=\"text-align: center;\"><strong>Capitulo V<\/strong><\/p>\n<p style=\"text-align: center;\"><strong>\u00a0<\/strong><\/p>\n<p style=\"text-align: center;\"><strong>Sobre la supresi\u00f3n de los conventos y la extinci\u00f3n de la Fraternidad<\/strong><\/p>\n<p><strong>\u00a0<\/strong><\/p>\n<p><strong>\u00a0\u00a0\u00a0\u00a0\u00a0\u00a0\u00a0\u00a0\u00a0\u00a0 Art. 24.-<\/strong> Un convento de la fraternidad leg\u00edtimamente erigido puede ser suprimido por el Custodio, con el voto deliberativo de su consejo, despu\u00e9s de consultado el Obispo diocesano del lugar. Sobre los bienes de la casa suprimida se seguir\u00e1 la normativa general para esos casos.<\/p>\n<p><strong><u>\u00a0<\/u><\/strong><\/p>\n<p><strong>\u00a0\u00a0\u00a0\u00a0\u00a0\u00a0\u00a0\u00a0\u00a0\u00a0 Art. 25.- <\/strong>La Fraternidad s\u00f3lo podr\u00e1 extinguirse por decisi\u00f3n del Obispo diocesano de la sede principal, si llegara a verse perjudicado gravemente el bien com\u00fan de la Iglesia, luego de o\u00edr al Custodio de la Fraternidad y a los superiores de la misma. (CIC 320, 2-3).<\/p>\n<p>&nbsp;<\/p>\n<p><strong>\u00a0\u00a0\u00a0\u00a0\u00a0\u00a0\u00a0\u00a0\u00a0\u00a0 Art. 26.-<\/strong> Los bienes de la Fraternidad suprimida ser\u00e1n destinados a otras asociaciones religiosas y civiles, se\u00f1aladas por el Custodio o qui\u00e9n est\u00e9 en su lugar y el consejo de la mayor\u00eda de profesos perpetuos en funciones hasta el momento de la supresi\u00f3n. Se deber\u00e1n respetar, sin embargo, la voluntad de los donantes y los derechos adquiridos. (CIC 123).<\/p>\n<p><strong>\u00a0<\/strong><\/p>\n<p style=\"text-align: center;\"><strong>EP\u00cdLOGO<\/strong><\/p>\n<p><strong>\u00a0<\/strong><\/p>\n<p><strong>\u00a0\u00a0\u00a0\u00a0\u00a0\u00a0\u00a0\u00a0\u00a0\u00a0 Art. 27.- <\/strong>T\u00e9ngase siempre presente que la paz de Cristo es el anuncio de un gran bien. Es la f\u00f3rmula que recoge el esp\u00edritu de Nuestro Padre San Francisco: Pax et Bonum. Este deseo de Paz que ocupa en la liturgia un puesto relevante: \u201cLa Paz del Se\u00f1or est\u00e9 con ustedes\u201d debe se\u00f1alar el rumbo y el esp\u00edritu de cada una de las comunidades y de toda la Fraternidad. Cristo es nuestra Paz (Ef. 2, 14). La comuni\u00f3n fraterna dir\u00e1 San Pablo (2 Tim. 2, 8ss.) se construye trabajando por vivir en la verdad que exige evitar tensiones, caminando en la fe, caridad y paz bajo la mirada amorosa de Dios. Queremos nuestras comunidades tengan un fuerte sentido de lo Sagrado, cultiven la sencillez y la alegr\u00eda espiritual, acojan con reverencia y delicada caridad a los religiosos ancianos y enfermos, sean unidas y compactas en su disciplina, en la que Dios tiene la primac\u00eda, que lanza a la comuni\u00f3n y al autentico esp\u00edritu fraterno.<\/p>\n<p>&nbsp;<\/p>\n<p><strong>\u00a0\u00a0\u00a0\u00a0\u00a0\u00a0\u00a0\u00a0\u00a0\u00a0 Art. 28.- <\/strong>Esfu\u00e9rcense para que la presencia viva de Cristo Misericordioso marque en todo la vida de nuestra Fraternidad. Los conventos sean realmente casas de Jes\u00fas y de Mar\u00eda. En un mundo secularizado, donde triunfan ego\u00edsmos e intereses particulares, nuestras comunidades se tienen que definir, por el esp\u00edritu de fe y de caridad que brotan de la experiencia de Dios. Es la comunidad religiosa ante todo una comunidad orante. Como dec\u00eda el Santo Pont\u00edfice Juan Pablo II: \u201cLa vida comunitaria no puede mantenerse ni progresar sin renuncia de si, sin humildad\u201d (A los religiosos en suiza 13\/06\/1984).<\/p>\n<p>El Amor a Cristo y a su Iglesia, la celebraci\u00f3n de los Santos Misterios de la fe en la Sagrada Liturgia, la filial devoci\u00f3n y consagraci\u00f3n a Mar\u00eda Siempre Virgen, y la b\u00fasqueda de la salvaci\u00f3n de las almas debe ser siempre la ley suprema. (CIC 1752). Como ense\u00f1aba el Santo Padre P\u00edo: \u201cHag\u00e1monos santos, as\u00ed despu\u00e9s de haber estado juntos en la tierra, estaremos juntos en el Para\u00edso.\u201d<\/p>\n<p>&nbsp;<\/p>\n","protected":false},"excerpt":{"rendered":"<p>CAPITULO I \u00a0 NATURALEZA Y FIN DE LA ASOCIACI\u00d3N &nbsp; Art. 1- La Fraternidad de Capuchinos Recoletos es una Asociaci\u00f3n P\u00fablica de fieles cl\u00e9rigos de vida fraterna en com\u00fan, bajo la Regla de San Francisco de As\u00eds, por el Papa Honorio aprobada, que congrega al mismo tiempo a cl\u00e9rigos y&hellip; <\/p>\n","protected":false},"author":1,"featured_media":0,"parent":0,"menu_order":0,"comment_status":"closed","ping_status":"closed","template":"","meta":{"ngg_post_thumbnail":0},"_links":{"self":[{"href":"https:\/\/frailescapuchinosrecoletos.org\/web\/index.php?rest_route=\/wp\/v2\/pages\/200"}],"collection":[{"href":"https:\/\/frailescapuchinosrecoletos.org\/web\/index.php?rest_route=\/wp\/v2\/pages"}],"about":[{"href":"https:\/\/frailescapuchinosrecoletos.org\/web\/index.php?rest_route=\/wp\/v2\/types\/page"}],"author":[{"embeddable":true,"href":"https:\/\/frailescapuchinosrecoletos.org\/web\/index.php?rest_route=\/wp\/v2\/users\/1"}],"replies":[{"embeddable":true,"href":"https:\/\/frailescapuchinosrecoletos.org\/web\/index.php?rest_route=%2Fwp%2Fv2%2Fcomments&post=200"}],"version-history":[{"count":5,"href":"https:\/\/frailescapuchinosrecoletos.org\/web\/index.php?rest_route=\/wp\/v2\/pages\/200\/revisions"}],"predecessor-version":[{"id":1137,"href":"https:\/\/frailescapuchinosrecoletos.org\/web\/index.php?rest_route=\/wp\/v2\/pages\/200\/revisions\/1137"}],"wp:attachment":[{"href":"https:\/\/frailescapuchinosrecoletos.org\/web\/index.php?rest_route=%2Fwp%2Fv2%2Fmedia&parent=200"}],"curies":[{"name":"wp","href":"https:\/\/api.w.org\/{rel}","templated":true}]}}