{"id":19,"date":"2011-08-24T21:37:17","date_gmt":"2011-08-24T21:37:17","guid":{"rendered":"http:\/\/frailescapuchinosrecoletos.org\/web\/?page_id=19"},"modified":"2019-07-29T11:02:54","modified_gmt":"2019-07-29T14:02:54","slug":"intendente-alvear","status":"publish","type":"page","link":"https:\/\/frailescapuchinosrecoletos.org\/web\/?page_id=19","title":{"rendered":"Inmaculada (Int. Alvear &#8211; La Pampa)"},"content":{"rendered":"<p style=\"text-align: justify;\">En el a\u00f1o 2004, por pedido del entonces Obispo Mons. Rinaldo Fidel Br\u00e9dice, se tom\u00f3 la Parroquia y convento de la Inmaculada Concepci\u00f3n en Intendente Alvear, La Pampa a 150 Km al norte de Sta. Rosa. Esta zona y Parroquia fue evangelizada desde 1890 por los Frailes Menores, destac\u00e1ndose la figura del P. fr. Rogelio Baquer\u00f3. Habiendo decidido dejarla qued\u00f3 esta Parroquia sin sacerdotes por un tiempo, abarca tambi\u00e9n Ceballos, B.Larroude, Sarah, y Cnl. Lagos. Los frailes conducen tambi\u00e9n el Colegio secundario Ntra. Sra.de Luj\u00e1n.<\/p>\n<p><iframe src=\"http:\/\/maps.google.com.ar\/maps?f=q&amp;source=s_q&amp;hl=es&amp;geocode=&amp;q=http:%2F%2Fwww.frailescapuchinosrecoletos.org%2Fgoogle%2Finmac-concep.kmz&amp;aq=&amp;sll=-38.341656,-63.28125&amp;sspn=29.919937,56.513672&amp;vpsrc=6&amp;ie=UTF8&amp;t=h&amp;ll=-35.235253,-63.592338&amp;spn=0.000876,0.002999&amp;z=18&amp;output=embed\" width=\"550\" height=\"480\" frameborder=\"0\" marginwidth=\"0\" marginheight=\"0\" scrolling=\"no\"><\/iframe><br \/>\n<small><a style=\"color: #0000ff; text-align: left;\" href=\"http:\/\/maps.google.com.ar\/maps?f=q&amp;source=embed&amp;hl=es&amp;geocode=&amp;q=http:%2F%2Fwww.frailescapuchinosrecoletos.org%2Fgoogle%2Finmac-concep.kmz&amp;aq=&amp;sll=-38.341656,-63.28125&amp;sspn=29.919937,56.513672&amp;vpsrc=6&amp;ie=UTF8&amp;t=h&amp;ll=-35.235253,-63.592338&amp;spn=0.000876,0.002999&amp;z=18\">Ver mapa m\u00e1s grande<\/a><\/small><\/p>\n","protected":false},"excerpt":{"rendered":"<p>En el a\u00f1o 2004, por pedido del entonces Obispo Mons. Rinaldo Fidel Br\u00e9dice, se tom\u00f3 la Parroquia y convento de la Inmaculada Concepci\u00f3n en Intendente Alvear, La Pampa a 150 Km al norte de Sta. Rosa. Esta zona y Parroquia fue evangelizada desde 1890 por los Frailes Menores, destac\u00e1ndose la&hellip; <\/p>\n","protected":false},"author":1,"featured_media":0,"parent":0,"menu_order":0,"comment_status":"closed","ping_status":"closed","template":"","meta":{"ngg_post_thumbnail":0},"_links":{"self":[{"href":"https:\/\/frailescapuchinosrecoletos.org\/web\/index.php?rest_route=\/wp\/v2\/pages\/19"}],"collection":[{"href":"https:\/\/frailescapuchinosrecoletos.org\/web\/index.php?rest_route=\/wp\/v2\/pages"}],"about":[{"href":"https:\/\/frailescapuchinosrecoletos.org\/web\/index.php?rest_route=\/wp\/v2\/types\/page"}],"author":[{"embeddable":true,"href":"https:\/\/frailescapuchinosrecoletos.org\/web\/index.php?rest_route=\/wp\/v2\/users\/1"}],"replies":[{"embeddable":true,"href":"https:\/\/frailescapuchinosrecoletos.org\/web\/index.php?rest_route=%2Fwp%2Fv2%2Fcomments&post=19"}],"version-history":[{"count":17,"href":"https:\/\/frailescapuchinosrecoletos.org\/web\/index.php?rest_route=\/wp\/v2\/pages\/19\/revisions"}],"predecessor-version":[{"id":1769,"href":"https:\/\/frailescapuchinosrecoletos.org\/web\/index.php?rest_route=\/wp\/v2\/pages\/19\/revisions\/1769"}],"wp:attachment":[{"href":"https:\/\/frailescapuchinosrecoletos.org\/web\/index.php?rest_route=%2Fwp%2Fv2%2Fmedia&parent=19"}],"curies":[{"name":"wp","href":"https:\/\/api.w.org\/{rel}","templated":true}]}}