{"id":15,"date":"2011-08-24T21:35:10","date_gmt":"2011-08-24T21:35:10","guid":{"rendered":"http:\/\/frailescapuchinosrecoletos.org\/web\/?page_id=15"},"modified":"2019-07-29T11:02:24","modified_gmt":"2019-07-29T14:02:24","slug":"san-martin","status":"publish","type":"page","link":"https:\/\/frailescapuchinosrecoletos.org\/web\/?page_id=15","title":{"rendered":"Ntra. Sra. de Bel\u00e9n (Gral. San Mart\u00edn &#8211; La Pampa)"},"content":{"rendered":"<p style=\"text-align: justify;\">El Se\u00f1or ha querido estar adorado Sacramentalmente en ese rinc\u00f3n de nuestra pampa. Por especial decisi\u00f3n del entonces Obispo de la Di\u00f3cesis S.E.R. Mons Rinaldo Fidel Br\u00e9dice, por ser una zona sin atenci\u00f3n sacerdotal, eligi\u00f3 ese lugar para comenzar nuestra Fraternidad. A los pies del Sant\u00edsimo Sacramento y junto la Virgen Madre pedimos la unidad de los cristianos en el seno de la Iglesia bajo un solo Pastor.<\/p>\n<p style=\"text-align: justify;\">La oraci\u00f3n, la vida fraterna, el trabajo son parte de nuetras jornadas. Bendito sea Dios por darnos la alegr\u00eda de servirle y glorificarle unidos a toda la Sta. Iglesia!.<\/p>\n<div style=\"text-align: justify;\"><a href=\"http:\/\/frailescapuchinosrecoletos.org\/web\/wp-content\/uploads\/2011\/08\/SAM_0265.jpg\" rel=\"lightbox[15]\"><img loading=\"lazy\" class=\"alignright size-medium wp-image-330\" title=\"SAM_0265\" src=\"http:\/\/frailescapuchinosrecoletos.org\/web\/wp-content\/uploads\/2011\/08\/SAM_0265-300x225.jpg\" alt=\"\" width=\"240\" height=\"180\" srcset=\"https:\/\/frailescapuchinosrecoletos.org\/web\/wp-content\/uploads\/2011\/08\/SAM_0265-300x225.jpg 300w, https:\/\/frailescapuchinosrecoletos.org\/web\/wp-content\/uploads\/2011\/08\/SAM_0265-1024x768.jpg 1024w, https:\/\/frailescapuchinosrecoletos.org\/web\/wp-content\/uploads\/2011\/08\/SAM_0265-400x300.jpg 400w, https:\/\/frailescapuchinosrecoletos.org\/web\/wp-content\/uploads\/2011\/08\/SAM_0265.jpg 1600w\" sizes=\"(max-width: 240px) 100vw, 240px\" \/><\/a>Cumpliendo la Sta Regla, que invita al trabajo hecho ofrenda y oracion, estamos dedicandonos a la produccion de cactus, particularmente aquellas especies en via de extincion en nuestra zona.&nbsp;Este trabajo con los cactus esta orientado tambien a sustentar la vida de la comunidad.<\/div>\n<div>El p. fr. Benito, es el guardi\u00e1n de esta comunidad.&nbsp;<\/div>\n<p><iframe src=\"http:\/\/maps.google.com.ar\/maps?f=q&amp;source=s_q&amp;hl=es&amp;geocode=&amp;q=http:%2F%2Fwww.frailescapuchinosrecoletos.org%2Fgoogle%2Fsan-martin.kmz&amp;aq=&amp;sll=-35.235349,-63.592257&amp;sspn=0.00191,0.003449&amp;vpsrc=6&amp;ie=UTF8&amp;t=h&amp;ll=-37.979445,-63.595455&amp;spn=0.004059,0.00589&amp;z=17&amp;output=embed\" width=\"550\" height=\"480\" frameborder=\"0\" marginwidth=\"0\" marginheight=\"0\" scrolling=\"no\"><\/iframe><br \/>\n<small><a style=\"color: #0000ff; text-align: left;\" href=\"http:\/\/maps.google.com.ar\/maps?f=q&amp;source=embed&amp;hl=es&amp;geocode=&amp;q=http:%2F%2Fwww.frailescapuchinosrecoletos.org%2Fgoogle%2Fsan-martin.kmz&amp;aq=&amp;sll=-35.235349,-63.592257&amp;sspn=0.00191,0.003449&amp;vpsrc=6&amp;ie=UTF8&amp;t=h&amp;ll=-37.979445,-63.595455&amp;spn=0.004059,0.00589&amp;z=17\">Ver mapa m\u00e1s grande<\/a><\/small><\/p>\n<p>&nbsp;<\/p>\n","protected":false},"excerpt":{"rendered":"<p>El Se\u00f1or ha querido estar adorado Sacramentalmente en ese rinc\u00f3n de nuestra pampa. Por especial decisi\u00f3n del entonces Obispo de la Di\u00f3cesis S.E.R. Mons Rinaldo Fidel Br\u00e9dice, por ser una zona sin atenci\u00f3n sacerdotal, eligi\u00f3 ese lugar para comenzar nuestra Fraternidad. A los pies del Sant\u00edsimo Sacramento y junto la&hellip; <\/p>\n","protected":false},"author":1,"featured_media":0,"parent":0,"menu_order":0,"comment_status":"closed","ping_status":"closed","template":"","meta":{"ngg_post_thumbnail":0},"_links":{"self":[{"href":"https:\/\/frailescapuchinosrecoletos.org\/web\/index.php?rest_route=\/wp\/v2\/pages\/15"}],"collection":[{"href":"https:\/\/frailescapuchinosrecoletos.org\/web\/index.php?rest_route=\/wp\/v2\/pages"}],"about":[{"href":"https:\/\/frailescapuchinosrecoletos.org\/web\/index.php?rest_route=\/wp\/v2\/types\/page"}],"author":[{"embeddable":true,"href":"https:\/\/frailescapuchinosrecoletos.org\/web\/index.php?rest_route=\/wp\/v2\/users\/1"}],"replies":[{"embeddable":true,"href":"https:\/\/frailescapuchinosrecoletos.org\/web\/index.php?rest_route=%2Fwp%2Fv2%2Fcomments&post=15"}],"version-history":[{"count":25,"href":"https:\/\/frailescapuchinosrecoletos.org\/web\/index.php?rest_route=\/wp\/v2\/pages\/15\/revisions"}],"predecessor-version":[{"id":2064,"href":"https:\/\/frailescapuchinosrecoletos.org\/web\/index.php?rest_route=\/wp\/v2\/pages\/15\/revisions\/2064"}],"wp:attachment":[{"href":"https:\/\/frailescapuchinosrecoletos.org\/web\/index.php?rest_route=%2Fwp%2Fv2%2Fmedia&parent=15"}],"curies":[{"name":"wp","href":"https:\/\/api.w.org\/{rel}","templated":true}]}}