{"id":1172,"date":"2015-07-04T11:32:06","date_gmt":"2015-07-04T14:32:06","guid":{"rendered":"http:\/\/frailescapuchinosrecoletos.org\/web\/?page_id=1172"},"modified":"2019-08-01T11:12:27","modified_gmt":"2019-08-01T14:12:27","slug":"ordenaciones-2014","status":"publish","type":"page","link":"https:\/\/frailescapuchinosrecoletos.org\/web\/?page_id=1172","title":{"rendered":"Ordenaci\u00f3n 2014"},"content":{"rendered":"<p>ORDENACIONES SACERDOTALES: Fiesta de San Jos\u00e9 2014, en la Iglesia del Sant\u00edsimo Rosario (El Dique, Arquidi\u00f3cesis de La Plata) fueron ordenados por S.E.R Mons. Rinaldo Fidel Bredice, Obispo Em\u00e9rito de S. Rosa, fr. Esteban de los \u00c1ngeles y fr. Marcos de la Misericordia<\/p>\n<p>&nbsp;<\/p>\n<p><a href=\"http:\/\/frailescapuchinosrecoletos.org\/web\/wp-content\/uploads\/2012\/07\/SDC10344.jpg\" rel=\"lightbox[1172]\"><img loading=\"lazy\" class=\"aligncenter wp-image-846 size-medium\" src=\"http:\/\/frailescapuchinosrecoletos.org\/web\/wp-content\/uploads\/2012\/07\/SDC10344-300x200.jpg\" alt=\"\" width=\"300\" height=\"200\" srcset=\"https:\/\/frailescapuchinosrecoletos.org\/web\/wp-content\/uploads\/2012\/07\/SDC10344-300x200.jpg 300w, https:\/\/frailescapuchinosrecoletos.org\/web\/wp-content\/uploads\/2012\/07\/SDC10344-1024x682.jpg 1024w, https:\/\/frailescapuchinosrecoletos.org\/web\/wp-content\/uploads\/2012\/07\/SDC10344-450x300.jpg 450w\" sizes=\"(max-width: 300px) 100vw, 300px\" \/><\/a> <a href=\"http:\/\/frailescapuchinosrecoletos.org\/web\/wp-content\/uploads\/2012\/07\/SDC10349.jpg\" rel=\"lightbox[1172]\"><img loading=\"lazy\" class=\"aligncenter wp-image-848 size-medium\" src=\"http:\/\/frailescapuchinosrecoletos.org\/web\/wp-content\/uploads\/2012\/07\/SDC10349-300x200.jpg\" alt=\"\" width=\"300\" height=\"200\" srcset=\"https:\/\/frailescapuchinosrecoletos.org\/web\/wp-content\/uploads\/2012\/07\/SDC10349-300x200.jpg 300w, https:\/\/frailescapuchinosrecoletos.org\/web\/wp-content\/uploads\/2012\/07\/SDC10349-1024x682.jpg 1024w, https:\/\/frailescapuchinosrecoletos.org\/web\/wp-content\/uploads\/2012\/07\/SDC10349-450x300.jpg 450w\" sizes=\"(max-width: 300px) 100vw, 300px\" \/><\/a><a href=\"http:\/\/frailescapuchinosrecoletos.org\/web\/wp-content\/uploads\/2012\/07\/SDC10351.jpg\" rel=\"lightbox[1172]\"><img loading=\"lazy\" class=\"aligncenter wp-image-849 size-medium\" src=\"http:\/\/frailescapuchinosrecoletos.org\/web\/wp-content\/uploads\/2012\/07\/SDC10351-200x300.jpg\" alt=\"\" width=\"200\" height=\"300\" srcset=\"https:\/\/frailescapuchinosrecoletos.org\/web\/wp-content\/uploads\/2012\/07\/SDC10351-200x300.jpg 200w, https:\/\/frailescapuchinosrecoletos.org\/web\/wp-content\/uploads\/2012\/07\/SDC10351-682x1024.jpg 682w\" sizes=\"(max-width: 200px) 100vw, 200px\" \/><\/a><a href=\"http:\/\/frailescapuchinosrecoletos.org\/web\/wp-content\/uploads\/2012\/07\/SDC10354.jpg\" rel=\"lightbox[1172]\"><img loading=\"lazy\" class=\"aligncenter wp-image-850 size-medium\" src=\"http:\/\/frailescapuchinosrecoletos.org\/web\/wp-content\/uploads\/2012\/07\/SDC10354-300x200.jpg\" alt=\"\" width=\"300\" height=\"200\" srcset=\"https:\/\/frailescapuchinosrecoletos.org\/web\/wp-content\/uploads\/2012\/07\/SDC10354-300x200.jpg 300w, https:\/\/frailescapuchinosrecoletos.org\/web\/wp-content\/uploads\/2012\/07\/SDC10354-1024x682.jpg 1024w, https:\/\/frailescapuchinosrecoletos.org\/web\/wp-content\/uploads\/2012\/07\/SDC10354-450x300.jpg 450w\" sizes=\"(max-width: 300px) 100vw, 300px\" \/><\/a><a href=\"http:\/\/frailescapuchinosrecoletos.org\/web\/wp-content\/uploads\/2012\/07\/SDC10365.jpg\" rel=\"lightbox[1172]\"><img loading=\"lazy\" class=\"aligncenter wp-image-851 size-medium\" src=\"http:\/\/frailescapuchinosrecoletos.org\/web\/wp-content\/uploads\/2012\/07\/SDC10365-200x300.jpg\" alt=\"\" width=\"200\" height=\"300\" srcset=\"https:\/\/frailescapuchinosrecoletos.org\/web\/wp-content\/uploads\/2012\/07\/SDC10365-200x300.jpg 200w, https:\/\/frailescapuchinosrecoletos.org\/web\/wp-content\/uploads\/2012\/07\/SDC10365-682x1024.jpg 682w\" sizes=\"(max-width: 200px) 100vw, 200px\" \/><\/a><a href=\"http:\/\/frailescapuchinosrecoletos.org\/web\/wp-content\/uploads\/2012\/07\/SDC10367.jpg\" rel=\"lightbox[1172]\"><img loading=\"lazy\" class=\"aligncenter wp-image-852 size-medium\" src=\"http:\/\/frailescapuchinosrecoletos.org\/web\/wp-content\/uploads\/2012\/07\/SDC10367-200x300.jpg\" alt=\"\" width=\"200\" height=\"300\" srcset=\"https:\/\/frailescapuchinosrecoletos.org\/web\/wp-content\/uploads\/2012\/07\/SDC10367-200x300.jpg 200w, https:\/\/frailescapuchinosrecoletos.org\/web\/wp-content\/uploads\/2012\/07\/SDC10367-682x1024.jpg 682w\" sizes=\"(max-width: 200px) 100vw, 200px\" \/><\/a><a href=\"http:\/\/frailescapuchinosrecoletos.org\/web\/wp-content\/uploads\/2012\/07\/SDC10370.jpg\" rel=\"lightbox[1172]\"><img loading=\"lazy\" class=\"aligncenter wp-image-854 size-medium\" src=\"http:\/\/frailescapuchinosrecoletos.org\/web\/wp-content\/uploads\/2012\/07\/SDC10370-300x200.jpg\" alt=\"\" width=\"300\" height=\"200\" srcset=\"https:\/\/frailescapuchinosrecoletos.org\/web\/wp-content\/uploads\/2012\/07\/SDC10370-300x200.jpg 300w, https:\/\/frailescapuchinosrecoletos.org\/web\/wp-content\/uploads\/2012\/07\/SDC10370-1024x682.jpg 1024w, https:\/\/frailescapuchinosrecoletos.org\/web\/wp-content\/uploads\/2012\/07\/SDC10370-450x300.jpg 450w\" sizes=\"(max-width: 300px) 100vw, 300px\" \/><\/a><a href=\"http:\/\/frailescapuchinosrecoletos.org\/web\/wp-content\/uploads\/2012\/07\/SDC10372.jpg\" rel=\"lightbox[1172]\"><img loading=\"lazy\" class=\"aligncenter wp-image-855 size-medium\" src=\"http:\/\/frailescapuchinosrecoletos.org\/web\/wp-content\/uploads\/2012\/07\/SDC10372-300x200.jpg\" alt=\"\" width=\"300\" height=\"200\" srcset=\"https:\/\/frailescapuchinosrecoletos.org\/web\/wp-content\/uploads\/2012\/07\/SDC10372-300x200.jpg 300w, https:\/\/frailescapuchinosrecoletos.org\/web\/wp-content\/uploads\/2012\/07\/SDC10372-1024x682.jpg 1024w, https:\/\/frailescapuchinosrecoletos.org\/web\/wp-content\/uploads\/2012\/07\/SDC10372-450x300.jpg 450w\" sizes=\"(max-width: 300px) 100vw, 300px\" \/><\/a><a href=\"http:\/\/frailescapuchinosrecoletos.org\/web\/wp-content\/uploads\/2012\/07\/SDC10373.jpg\" rel=\"lightbox[1172]\"><img loading=\"lazy\" class=\"aligncenter wp-image-856 size-medium\" src=\"http:\/\/frailescapuchinosrecoletos.org\/web\/wp-content\/uploads\/2012\/07\/SDC10373-300x200.jpg\" alt=\"\" width=\"300\" height=\"200\" srcset=\"https:\/\/frailescapuchinosrecoletos.org\/web\/wp-content\/uploads\/2012\/07\/SDC10373-300x200.jpg 300w, https:\/\/frailescapuchinosrecoletos.org\/web\/wp-content\/uploads\/2012\/07\/SDC10373-1024x682.jpg 1024w, https:\/\/frailescapuchinosrecoletos.org\/web\/wp-content\/uploads\/2012\/07\/SDC10373-450x300.jpg 450w\" sizes=\"(max-width: 300px) 100vw, 300px\" \/><\/a><a href=\"http:\/\/frailescapuchinosrecoletos.org\/web\/wp-content\/uploads\/2012\/07\/SDC10378.jpg\" rel=\"lightbox[1172]\"><img loading=\"lazy\" class=\"aligncenter wp-image-857 size-medium\" src=\"http:\/\/frailescapuchinosrecoletos.org\/web\/wp-content\/uploads\/2012\/07\/SDC10378-300x200.jpg\" alt=\"\" width=\"300\" height=\"200\" srcset=\"https:\/\/frailescapuchinosrecoletos.org\/web\/wp-content\/uploads\/2012\/07\/SDC10378-300x200.jpg 300w, https:\/\/frailescapuchinosrecoletos.org\/web\/wp-content\/uploads\/2012\/07\/SDC10378-1024x682.jpg 1024w, https:\/\/frailescapuchinosrecoletos.org\/web\/wp-content\/uploads\/2012\/07\/SDC10378-450x300.jpg 450w\" sizes=\"(max-width: 300px) 100vw, 300px\" \/><\/a><a href=\"http:\/\/frailescapuchinosrecoletos.org\/web\/wp-content\/uploads\/2012\/07\/SDC10388.jpg\" rel=\"lightbox[1172]\"><img loading=\"lazy\" class=\"aligncenter wp-image-863 size-medium\" src=\"http:\/\/frailescapuchinosrecoletos.org\/web\/wp-content\/uploads\/2012\/07\/SDC10388-300x200.jpg\" alt=\"\" width=\"300\" height=\"200\" srcset=\"https:\/\/frailescapuchinosrecoletos.org\/web\/wp-content\/uploads\/2012\/07\/SDC10388-300x200.jpg 300w, https:\/\/frailescapuchinosrecoletos.org\/web\/wp-content\/uploads\/2012\/07\/SDC10388-1024x682.jpg 1024w, https:\/\/frailescapuchinosrecoletos.org\/web\/wp-content\/uploads\/2012\/07\/SDC10388-450x300.jpg 450w\" sizes=\"(max-width: 300px) 100vw, 300px\" \/><\/a><\/p>\n<p>Primeras Misas de fr. Marcos y fr. Esteban, en el convento del Dique (La Plata)<\/p>\n<p><a href=\"http:\/\/frailescapuchinosrecoletos.org\/web\/wp-content\/uploads\/2012\/07\/SDC10426.jpg\" rel=\"lightbox[1172]\"><img loading=\"lazy\" class=\"aligncenter wp-image-865 size-medium\" src=\"http:\/\/frailescapuchinosrecoletos.org\/web\/wp-content\/uploads\/2012\/07\/SDC10426-300x200.jpg\" alt=\"\" width=\"300\" height=\"200\" srcset=\"https:\/\/frailescapuchinosrecoletos.org\/web\/wp-content\/uploads\/2012\/07\/SDC10426-300x200.jpg 300w, https:\/\/frailescapuchinosrecoletos.org\/web\/wp-content\/uploads\/2012\/07\/SDC10426-1024x682.jpg 1024w, https:\/\/frailescapuchinosrecoletos.org\/web\/wp-content\/uploads\/2012\/07\/SDC10426-450x300.jpg 450w\" sizes=\"(max-width: 300px) 100vw, 300px\" \/><\/a> <a href=\"http:\/\/frailescapuchinosrecoletos.org\/web\/wp-content\/uploads\/2012\/07\/SDC10452.jpg\" rel=\"lightbox[1172]\"><img loading=\"lazy\" class=\"aligncenter wp-image-866 size-medium\" src=\"http:\/\/frailescapuchinosrecoletos.org\/web\/wp-content\/uploads\/2012\/07\/SDC10452-300x200.jpg\" alt=\"\" width=\"300\" height=\"200\" srcset=\"https:\/\/frailescapuchinosrecoletos.org\/web\/wp-content\/uploads\/2012\/07\/SDC10452-300x200.jpg 300w, https:\/\/frailescapuchinosrecoletos.org\/web\/wp-content\/uploads\/2012\/07\/SDC10452-1024x682.jpg 1024w, https:\/\/frailescapuchinosrecoletos.org\/web\/wp-content\/uploads\/2012\/07\/SDC10452-450x300.jpg 450w\" sizes=\"(max-width: 300px) 100vw, 300px\" \/><\/a> <a href=\"http:\/\/frailescapuchinosrecoletos.org\/web\/wp-content\/uploads\/2012\/07\/SDC10463.jpg\" rel=\"lightbox[1172]\"><img loading=\"lazy\" class=\"aligncenter wp-image-867 size-medium\" src=\"http:\/\/frailescapuchinosrecoletos.org\/web\/wp-content\/uploads\/2012\/07\/SDC10463-200x300.jpg\" alt=\"\" width=\"200\" height=\"300\" srcset=\"https:\/\/frailescapuchinosrecoletos.org\/web\/wp-content\/uploads\/2012\/07\/SDC10463-200x300.jpg 200w, https:\/\/frailescapuchinosrecoletos.org\/web\/wp-content\/uploads\/2012\/07\/SDC10463-682x1024.jpg 682w\" sizes=\"(max-width: 200px) 100vw, 200px\" \/><\/a><\/p>\n","protected":false},"excerpt":{"rendered":"<p>ORDENACIONES SACERDOTALES: Fiesta de San Jos\u00e9 2014, en la Iglesia del Sant\u00edsimo Rosario (El Dique, Arquidi\u00f3cesis de La Plata) fueron ordenados por S.E.R Mons. Rinaldo Fidel Bredice, Obispo Em\u00e9rito de S. Rosa, fr. Esteban de los \u00c1ngeles y fr. Marcos de la Misericordia &nbsp; Primeras Misas de fr. Marcos y&hellip; <\/p>\n","protected":false},"author":5,"featured_media":0,"parent":0,"menu_order":0,"comment_status":"closed","ping_status":"closed","template":"","meta":{"ngg_post_thumbnail":0},"_links":{"self":[{"href":"https:\/\/frailescapuchinosrecoletos.org\/web\/index.php?rest_route=\/wp\/v2\/pages\/1172"}],"collection":[{"href":"https:\/\/frailescapuchinosrecoletos.org\/web\/index.php?rest_route=\/wp\/v2\/pages"}],"about":[{"href":"https:\/\/frailescapuchinosrecoletos.org\/web\/index.php?rest_route=\/wp\/v2\/types\/page"}],"author":[{"embeddable":true,"href":"https:\/\/frailescapuchinosrecoletos.org\/web\/index.php?rest_route=\/wp\/v2\/users\/5"}],"replies":[{"embeddable":true,"href":"https:\/\/frailescapuchinosrecoletos.org\/web\/index.php?rest_route=%2Fwp%2Fv2%2Fcomments&post=1172"}],"version-history":[{"count":6,"href":"https:\/\/frailescapuchinosrecoletos.org\/web\/index.php?rest_route=\/wp\/v2\/pages\/1172\/revisions"}],"predecessor-version":[{"id":2105,"href":"https:\/\/frailescapuchinosrecoletos.org\/web\/index.php?rest_route=\/wp\/v2\/pages\/1172\/revisions\/2105"}],"wp:attachment":[{"href":"https:\/\/frailescapuchinosrecoletos.org\/web\/index.php?rest_route=%2Fwp%2Fv2%2Fmedia&parent=1172"}],"curies":[{"name":"wp","href":"https:\/\/api.w.org\/{rel}","templated":true}]}}