{"id":11,"date":"2011-08-24T21:29:39","date_gmt":"2011-08-24T21:29:39","guid":{"rendered":"http:\/\/frailescapuchinosrecoletos.org\/web\/?page_id=11"},"modified":"2022-10-31T12:32:17","modified_gmt":"2022-10-31T15:32:17","slug":"contacto","status":"publish","type":"page","link":"https:\/\/frailescapuchinosrecoletos.org\/web\/?page_id=11","title":{"rendered":"Contacto"},"content":{"rendered":"<p><span style=\"text-decoration: underline;\">Pueden comunicarse a cualquiera de los siguientes tel\u00e9fonos:<\/span><\/p>\n<p><span style=\"text-decoration: underline;\"><img loading=\"lazy\" class=\"alignleft\" style=\"border: 0pt none;\" title=\"tel\u00e9fono\" src=\"http:\/\/frailescapuchinosrecoletos.org\/web\/wp-content\/uploads\/2011\/08\/telefono.png\" alt=\"\" width=\"55\" height=\"55\"\/><\/span>+54 02302 481034 (Intendente Alvear)<br \/>\n+54 02925 497355&nbsp;(Gral. San mart\u00edn)<\/p>\n<p>&nbsp;<\/p>\n<p>&nbsp;<\/p>\n<p><span style=\"text-decoration: underline;\">Mediante correo electr\u00f3nico a:<\/span><\/p>\n<p><img loading=\"lazy\" class=\"alignleft\" style=\"border: 0pt none;\" title=\"correo\" src=\"http:\/\/frailescapuchinosrecoletos.org\/web\/wp-content\/uploads\/2011\/08\/correo.png\" alt=\"\" width=\"55\" height=\"55\"\/><\/p>\n<p>&nbsp;<\/p>\n<p>frailescapuchinosrecoletos@hotmail.com<\/p>\n","protected":false},"excerpt":{"rendered":"<p>Pueden comunicarse a cualquiera de los siguientes tel\u00e9fonos: +54 02302 481034 (Intendente Alvear) +54 02925 497355&nbsp;(Gral. San mart\u00edn) &nbsp; &nbsp; Mediante correo electr\u00f3nico a: &nbsp; frailescapuchinosrecoletos@hotmail.com<\/p>\n","protected":false},"author":1,"featured_media":0,"parent":0,"menu_order":0,"comment_status":"closed","ping_status":"closed","template":"","meta":{"ngg_post_thumbnail":0},"_links":{"self":[{"href":"https:\/\/frailescapuchinosrecoletos.org\/web\/index.php?rest_route=\/wp\/v2\/pages\/11"}],"collection":[{"href":"https:\/\/frailescapuchinosrecoletos.org\/web\/index.php?rest_route=\/wp\/v2\/pages"}],"about":[{"href":"https:\/\/frailescapuchinosrecoletos.org\/web\/index.php?rest_route=\/wp\/v2\/types\/page"}],"author":[{"embeddable":true,"href":"https:\/\/frailescapuchinosrecoletos.org\/web\/index.php?rest_route=\/wp\/v2\/users\/1"}],"replies":[{"embeddable":true,"href":"https:\/\/frailescapuchinosrecoletos.org\/web\/index.php?rest_route=%2Fwp%2Fv2%2Fcomments&post=11"}],"version-history":[{"count":14,"href":"https:\/\/frailescapuchinosrecoletos.org\/web\/index.php?rest_route=\/wp\/v2\/pages\/11\/revisions"}],"predecessor-version":[{"id":3391,"href":"https:\/\/frailescapuchinosrecoletos.org\/web\/index.php?rest_route=\/wp\/v2\/pages\/11\/revisions\/3391"}],"wp:attachment":[{"href":"https:\/\/frailescapuchinosrecoletos.org\/web\/index.php?rest_route=%2Fwp%2Fv2%2Fmedia&parent=11"}],"curies":[{"name":"wp","href":"https:\/\/api.w.org\/{rel}","templated":true}]}}